{"id":846,"date":"2021-02-01T21:43:01","date_gmt":"2021-02-01T20:43:01","guid":{"rendered":"https:\/\/asta.ostfalia.de\/?page_id=846"},"modified":"2022-11-01T09:23:17","modified_gmt":"2022-11-01T08:23:17","slug":"fakultaetsrat","status":"publish","type":"page","link":"https:\/\/asta.ostfalia.de\/index.php\/fakultaetsrat\/","title":{"rendered":"Fakult\u00e4tsrat"},"content":{"rendered":"\t\t<div data-elementor-type=\"wp-page\" data-elementor-id=\"846\" class=\"elementor elementor-846\">\n\t\t\t\t\t\t<div class=\"elementor-inner\">\n\t\t\t\t<div class=\"elementor-section-wrap\">\n\t\t\t\t\t\t\t\t\t<section class=\"elementor-section elementor-top-section elementor-element elementor-element-908c7e4 elementor-section-full_width elementor-section-height-default elementor-section-height-default\" data-id=\"908c7e4\" data-element_type=\"section\">\n\t\t\t\t\t\t<div class=\"elementor-container elementor-column-gap-default\">\n\t\t\t\t\t\t\t<div class=\"elementor-row\">\n\t\t\t\t\t<div class=\"elementor-column elementor-col-100 elementor-top-column elementor-element elementor-element-dd1b3a1\" data-id=\"dd1b3a1\" data-element_type=\"column\">\n\t\t\t<div class=\"elementor-column-wrap elementor-element-populated\">\n\t\t\t\t\t\t\t<div class=\"elementor-widget-wrap\">\n\t\t\t\t\t\t<div class=\"elementor-element elementor-element-e655ed6 elementor--h-position-center elementor--v-position-middle elementor-arrows-position-inside elementor-pagination-position-inside elementor-widget elementor-widget-slides\" data-id=\"e655ed6\" data-element_type=\"widget\" data-settings=\"{&quot;navigation&quot;:&quot;both&quot;,&quot;autoplay&quot;:&quot;yes&quot;,&quot;pause_on_hover&quot;:&quot;yes&quot;,&quot;pause_on_interaction&quot;:&quot;yes&quot;,&quot;autoplay_speed&quot;:5000,&quot;infinite&quot;:&quot;yes&quot;,&quot;transition&quot;:&quot;slide&quot;,&quot;transition_speed&quot;:500}\" data-widget_type=\"slides.default\">\n\t\t\t\t<div class=\"elementor-widget-container\">\n\t\t\t\t\t<div class=\"elementor-swiper\">\n\t\t\t<div class=\"elementor-slides-wrapper elementor-main-swiper swiper-container\" dir=\"ltr\" data-animation=\"fadeInUp\">\n\t\t\t\t<div class=\"swiper-wrapper elementor-slides\">\n\t\t\t\t\t<div class=\"elementor-repeater-item-6dd920e swiper-slide\"><div class=\"swiper-slide-bg\"><\/div><div class=\"swiper-slide-inner\" ><div class=\"swiper-slide-contents\"><div class=\"elementor-slide-heading\">Fakult\u00e4tsrat<\/div><\/div><\/div><\/div>\t\t\t\t<\/div>\n\t\t\t\t\t\t\t<\/div>\n\t\t<\/div>\n\t\t\t\t<\/div>\n\t\t\t\t<\/div>\n\t\t\t\t\t\t<\/div>\n\t\t\t\t\t<\/div>\n\t\t<\/div>\n\t\t\t\t\t\t\t\t<\/div>\n\t\t\t\t\t<\/div>\n\t\t<\/section>\n\t\t\t\t<section class=\"elementor-section elementor-top-section elementor-element elementor-element-903b474 elementor-section-boxed elementor-section-height-default elementor-section-height-default\" data-id=\"903b474\" data-element_type=\"section\">\n\t\t\t\t\t\t<div class=\"elementor-container elementor-column-gap-default\">\n\t\t\t\t\t\t\t<div class=\"elementor-row\">\n\t\t\t\t\t<div class=\"elementor-column elementor-col-100 elementor-top-column elementor-element elementor-element-ae703c9\" data-id=\"ae703c9\" data-element_type=\"column\">\n\t\t\t<div class=\"elementor-column-wrap elementor-element-populated\">\n\t\t\t\t\t\t\t<div class=\"elementor-widget-wrap\">\n\t\t\t\t\t\t<div class=\"elementor-element elementor-element-c0bfaef elementor-widget elementor-widget-spacer\" data-id=\"c0bfaef\" data-element_type=\"widget\" data-widget_type=\"spacer.default\">\n\t\t\t\t<div class=\"elementor-widget-container\">\n\t\t\t\t\t<div class=\"elementor-spacer\">\n\t\t\t<div class=\"elementor-spacer-inner\"><\/div>\n\t\t<\/div>\n\t\t\t\t<\/div>\n\t\t\t\t<\/div>\n\t\t\t\t<div class=\"elementor-element elementor-element-4776aa1 elementor-widget elementor-widget-heading\" data-id=\"4776aa1\" data-element_type=\"widget\" data-widget_type=\"heading.default\">\n\t\t\t\t<div class=\"elementor-widget-container\">\n\t\t\t<h2 class=\"elementor-heading-title elementor-size-default\">Was ist der Fakult\u00e4tsrat?<\/h2>\t\t<\/div>\n\t\t\t\t<\/div>\n\t\t\t\t<div class=\"elementor-element elementor-element-0840cdf elementor-widget elementor-widget-spacer\" data-id=\"0840cdf\" data-element_type=\"widget\" data-widget_type=\"spacer.default\">\n\t\t\t\t<div class=\"elementor-widget-container\">\n\t\t\t\t\t<div class=\"elementor-spacer\">\n\t\t\t<div class=\"elementor-spacer-inner\"><\/div>\n\t\t<\/div>\n\t\t\t\t<\/div>\n\t\t\t\t<\/div>\n\t\t\t\t<div class=\"elementor-element elementor-element-cfb1caa elementor-widget elementor-widget-text-editor\" data-id=\"cfb1caa\" data-element_type=\"widget\" data-widget_type=\"text-editor.default\">\n\t\t\t\t<div class=\"elementor-widget-container\">\n\t\t\t\t\t\t\t\t<div class=\"elementor-text-editor elementor-clearfix\">\n\t\t\t\t<p>Der Fakult\u00e4tsrat besteht aus 13 stimmberechtigten Mitgliedern: Sieben Professor:innen, zwei wissenschaftliche Mitarbeiter:innen, zwei Mitarbeiter:innen aus Technik und\/oder Verwaltung und zwei Studierende. Jede Gruppe w\u00e4hlt Ihre eigenen Vertreter:innen.<\/p>\t\t\t\t\t<\/div>\n\t\t\t\t\t\t<\/div>\n\t\t\t\t<\/div>\n\t\t\t\t<div class=\"elementor-element elementor-element-ab9ac27 elementor-widget elementor-widget-spacer\" data-id=\"ab9ac27\" data-element_type=\"widget\" data-widget_type=\"spacer.default\">\n\t\t\t\t<div class=\"elementor-widget-container\">\n\t\t\t\t\t<div class=\"elementor-spacer\">\n\t\t\t<div class=\"elementor-spacer-inner\"><\/div>\n\t\t<\/div>\n\t\t\t\t<\/div>\n\t\t\t\t<\/div>\n\t\t\t\t\t\t<\/div>\n\t\t\t\t\t<\/div>\n\t\t<\/div>\n\t\t\t\t\t\t\t\t<\/div>\n\t\t\t\t\t<\/div>\n\t\t<\/section>\n\t\t\t\t<section class=\"elementor-section elementor-top-section elementor-element elementor-element-64f0dcb elementor-section-boxed elementor-section-height-default elementor-section-height-default\" data-id=\"64f0dcb\" data-element_type=\"section\">\n\t\t\t\t\t\t<div class=\"elementor-container elementor-column-gap-default\">\n\t\t\t\t\t\t\t<div class=\"elementor-row\">\n\t\t\t\t\t<div class=\"elementor-column elementor-col-33 elementor-top-column elementor-element elementor-element-8e048b3\" data-id=\"8e048b3\" data-element_type=\"column\">\n\t\t\t<div class=\"elementor-column-wrap elementor-element-populated\">\n\t\t\t\t\t\t\t<div class=\"elementor-widget-wrap\">\n\t\t\t\t\t\t<div class=\"elementor-element elementor-element-161cf9d elementor-widget elementor-widget-heading\" data-id=\"161cf9d\" data-element_type=\"widget\" data-widget_type=\"heading.default\">\n\t\t\t\t<div class=\"elementor-widget-container\">\n\t\t\t<h2 class=\"elementor-heading-title elementor-size-default\">Fakult\u00e4tsrat<\/h2>\t\t<\/div>\n\t\t\t\t<\/div>\n\t\t\t\t<div class=\"elementor-element elementor-element-8735156 elementor-widget elementor-widget-text-editor\" data-id=\"8735156\" data-element_type=\"widget\" data-widget_type=\"text-editor.default\">\n\t\t\t\t<div class=\"elementor-widget-container\">\n\t\t\t\t\t\t\t\t<div class=\"elementor-text-editor elementor-clearfix\">\n\t\t\t\t<p>Oberstes Entscheidungsgremium einer Fakult\u00e4t dem die Dekanin \/ der Dekan<i> <\/i>vorsteht. Es setzt sich zusammen aus Vertreter:innen der Professor:innen, der wissenschaftlichen Mitarbeiter:innen, der Mitarbeiter:innen aus Technik und Verwaltung und der Studierenden. Die Professor:innen haben dabei die absolute Mehrheit der Stimmen, k\u00f6nnen bei Einigkeit also gegen alle anderen Gruppen ihre W\u00fcnsche durchsetzen.<\/p><p>Der FakRat befasst sich mit wichtigen Fragen, welche die Fakult\u00e4t betreffen (Studienordnung, Verteilung von Geldern, Wahl der Mitglieder:innen f\u00fcr Studienkommission und Pr\u00fcfungsausschuss etc.). Bei bestimmten Entscheidungen muss noch die Zustimmung des Senats oder des zust\u00e4ndigen Landeswissenschaftsministeriums eingeholt werden.<\/p>\t\t\t\t\t<\/div>\n\t\t\t\t\t\t<\/div>\n\t\t\t\t<\/div>\n\t\t\t\t\t\t<\/div>\n\t\t\t\t\t<\/div>\n\t\t<\/div>\n\t\t\t\t<div class=\"elementor-column elementor-col-33 elementor-top-column elementor-element elementor-element-c77cbc6\" data-id=\"c77cbc6\" data-element_type=\"column\">\n\t\t\t<div class=\"elementor-column-wrap\">\n\t\t\t\t\t\t\t<div class=\"elementor-widget-wrap\">\n\t\t\t\t\t\t\t\t<\/div>\n\t\t\t\t\t<\/div>\n\t\t<\/div>\n\t\t\t\t<div class=\"elementor-column elementor-col-33 elementor-top-column elementor-element elementor-element-a50e14b\" data-id=\"a50e14b\" data-element_type=\"column\">\n\t\t\t<div class=\"elementor-column-wrap elementor-element-populated\">\n\t\t\t\t\t\t\t<div class=\"elementor-widget-wrap\">\n\t\t\t\t\t\t<div class=\"elementor-element elementor-element-3ca7c78 elementor-widget elementor-widget-heading\" data-id=\"3ca7c78\" data-element_type=\"widget\" data-widget_type=\"heading.default\">\n\t\t\t\t<div class=\"elementor-widget-container\">\n\t\t\t<h2 class=\"elementor-heading-title elementor-size-default\">Aufgaben<\/h2>\t\t<\/div>\n\t\t\t\t<\/div>\n\t\t\t\t<div class=\"elementor-element elementor-element-6519d3e elementor-widget elementor-widget-text-editor\" data-id=\"6519d3e\" data-element_type=\"widget\" data-widget_type=\"text-editor.default\">\n\t\t\t\t<div class=\"elementor-widget-container\">\n\t\t\t\t\t\t\t\t<div class=\"elementor-text-editor elementor-clearfix\">\n\t\t\t\t<p>Der Fakult\u00e4tsrat kann Kommissionen bilden und Beauftragte zur Wahrnehmung besonderer Aufgaben bestellen. Zu den Aufgaben des Fakult\u00e4tsrates z\u00e4hlen:<\/p><ul><li>Der Fakult\u00e4tsrat entscheidet in Angelegenheiten der Forschung und Lehre, die von grunds\u00e4tzlicher Bedeutung sind (z.B. Zuweisung von Lehrveranstaltungen zu Lehrenden).<\/li><li>Er beschlie\u00dft die Ordnungen der Fakult\u00e4t, insbesondere die Pr\u00fcfungsordnungen. Zus\u00e4tzlich ben\u00f6tigen Ordnungen, insbesondere Pr\u00fcfungsordnungen der Fakult\u00e4t die Genehmigung des Pr\u00e4sidiums.<\/li><li>Der Fakult\u00e4tsrat nimmt auch zur Einf\u00fchrung, zu wesentlichen \u00c4nderungen und zur Schlie\u00dfung von Studieng\u00e4ngen gegen\u00fcber dem <a href=\"https:\/\/www.ostfalia.de\/cms\/de\/hl\/\">Pr\u00e4sidium<\/a> Stellung.<\/li><li>Er beschlie\u00dft die Verwendung bzw. Verteilung der Haushaltsmittel innerhalb der Fakult\u00e4t.<\/li><\/ul>\t\t\t\t\t<\/div>\n\t\t\t\t\t\t<\/div>\n\t\t\t\t<\/div>\n\t\t\t\t\t\t<\/div>\n\t\t\t\t\t<\/div>\n\t\t<\/div>\n\t\t\t\t\t\t\t\t<\/div>\n\t\t\t\t\t<\/div>\n\t\t<\/section>\n\t\t\t\t<section class=\"elementor-section elementor-top-section elementor-element elementor-element-2e0ebaa elementor-section-boxed elementor-section-height-default elementor-section-height-default\" data-id=\"2e0ebaa\" data-element_type=\"section\">\n\t\t\t\t\t\t<div class=\"elementor-container elementor-column-gap-default\">\n\t\t\t\t\t\t\t<div class=\"elementor-row\">\n\t\t\t\t\t<div class=\"elementor-column elementor-col-100 elementor-top-column elementor-element elementor-element-cc2022a\" data-id=\"cc2022a\" data-element_type=\"column\">\n\t\t\t<div class=\"elementor-column-wrap elementor-element-populated\">\n\t\t\t\t\t\t\t<div class=\"elementor-widget-wrap\">\n\t\t\t\t\t\t<div class=\"elementor-element elementor-element-f141291 elementor-widget elementor-widget-spacer\" data-id=\"f141291\" data-element_type=\"widget\" data-widget_type=\"spacer.default\">\n\t\t\t\t<div class=\"elementor-widget-container\">\n\t\t\t\t\t<div class=\"elementor-spacer\">\n\t\t\t<div class=\"elementor-spacer-inner\"><\/div>\n\t\t<\/div>\n\t\t\t\t<\/div>\n\t\t\t\t<\/div>\n\t\t\t\t\t\t<\/div>\n\t\t\t\t\t<\/div>\n\t\t<\/div>\n\t\t\t\t\t\t\t\t<\/div>\n\t\t\t\t\t<\/div>\n\t\t<\/section>\n\t\t\t\t\t\t\t\t\t<\/div>\n\t\t\t<\/div>\n\t\t\t\t\t<\/div>\n\t\t","protected":false},"excerpt":{"rendered":"<p>Fakult\u00e4tsrat Was ist der Fakult\u00e4tsrat? Der Fakult\u00e4tsrat besteht aus 13 stimmberechtigten Mitgliedern: Sieben Professor:innen, zwei wissenschaftliche Mitarbeiter:innen, zwei Mitarbeiter:innen aus Technik und\/oder Verwaltung und zwei Studierende. Jede Gruppe w\u00e4hlt Ihre eigenen Vertreter:innen. Fakult\u00e4tsrat Oberstes Entscheidungsgremium einer Fakult\u00e4t dem die Dekanin \/ der Dekan vorsteht. Es setzt sich zusammen aus Vertreter:innen [&hellip;]<\/p>\n","protected":false},"author":8,"featured_media":0,"parent":0,"menu_order":0,"comment_status":"closed","ping_status":"closed","template":"page-templates\/template-pagebuilder-full-width.php","meta":{"footnotes":""},"class_list":["post-846","page","type-page","status-publish","hentry"],"_links":{"self":[{"href":"https:\/\/asta.ostfalia.de\/index.php\/wp-json\/wp\/v2\/pages\/846","targetHints":{"allow":["GET"]}}],"collection":[{"href":"https:\/\/asta.ostfalia.de\/index.php\/wp-json\/wp\/v2\/pages"}],"about":[{"href":"https:\/\/asta.ostfalia.de\/index.php\/wp-json\/wp\/v2\/types\/page"}],"author":[{"embeddable":true,"href":"https:\/\/asta.ostfalia.de\/index.php\/wp-json\/wp\/v2\/users\/8"}],"replies":[{"embeddable":true,"href":"https:\/\/asta.ostfalia.de\/index.php\/wp-json\/wp\/v2\/comments?post=846"}],"version-history":[{"count":210,"href":"https:\/\/asta.ostfalia.de\/index.php\/wp-json\/wp\/v2\/pages\/846\/revisions"}],"predecessor-version":[{"id":5121,"href":"https:\/\/asta.ostfalia.de\/index.php\/wp-json\/wp\/v2\/pages\/846\/revisions\/5121"}],"wp:attachment":[{"href":"https:\/\/asta.ostfalia.de\/index.php\/wp-json\/wp\/v2\/media?parent=846"}],"curies":[{"name":"wp","href":"https:\/\/api.w.org\/{rel}","templated":true}]}}