{"id":815,"date":"2021-02-01T21:29:34","date_gmt":"2021-02-01T20:29:34","guid":{"rendered":"https:\/\/asta.ostfalia.de\/?page_id=815"},"modified":"2022-11-01T09:21:59","modified_gmt":"2022-11-01T08:21:59","slug":"fachschaftsrat","status":"publish","type":"page","link":"https:\/\/asta.ostfalia.de\/index.php\/fachschaftsrat\/","title":{"rendered":"Fachschaftsrat"},"content":{"rendered":"\t\t<div data-elementor-type=\"wp-page\" data-elementor-id=\"815\" class=\"elementor elementor-815\">\n\t\t\t\t\t\t<div class=\"elementor-inner\">\n\t\t\t\t<div class=\"elementor-section-wrap\">\n\t\t\t\t\t\t\t\t\t<section class=\"elementor-section elementor-top-section elementor-element elementor-element-7ae688e elementor-section-full_width elementor-section-height-default elementor-section-height-default\" data-id=\"7ae688e\" data-element_type=\"section\">\n\t\t\t\t\t\t<div class=\"elementor-container elementor-column-gap-default\">\n\t\t\t\t\t\t\t<div class=\"elementor-row\">\n\t\t\t\t\t<div class=\"elementor-column elementor-col-100 elementor-top-column elementor-element elementor-element-9aa1e8f\" data-id=\"9aa1e8f\" data-element_type=\"column\" data-settings=\"{&quot;background_background&quot;:&quot;classic&quot;}\">\n\t\t\t<div class=\"elementor-column-wrap elementor-element-populated\">\n\t\t\t\t\t<div class=\"elementor-background-overlay\"><\/div>\n\t\t\t\t\t\t\t<div class=\"elementor-widget-wrap\">\n\t\t\t\t\t\t<div class=\"elementor-element elementor-element-a8960f6 elementor--h-position-center elementor--v-position-middle elementor-widget elementor-widget-slides\" data-id=\"a8960f6\" data-element_type=\"widget\" data-settings=\"{&quot;navigation&quot;:&quot;none&quot;,&quot;autoplay&quot;:&quot;yes&quot;,&quot;pause_on_hover&quot;:&quot;yes&quot;,&quot;pause_on_interaction&quot;:&quot;yes&quot;,&quot;autoplay_speed&quot;:5000,&quot;infinite&quot;:&quot;yes&quot;,&quot;transition&quot;:&quot;slide&quot;,&quot;transition_speed&quot;:500}\" data-widget_type=\"slides.default\">\n\t\t\t\t<div class=\"elementor-widget-container\">\n\t\t\t\t\t<div class=\"elementor-swiper\">\n\t\t\t<div class=\"elementor-slides-wrapper elementor-main-swiper swiper-container\" dir=\"ltr\" data-animation=\"fadeInUp\">\n\t\t\t\t<div class=\"swiper-wrapper elementor-slides\">\n\t\t\t\t\t<div class=\"elementor-repeater-item-6dd920e swiper-slide\"><div class=\"swiper-slide-bg\"><\/div><div class=\"swiper-slide-inner\" ><div class=\"swiper-slide-contents\"><div class=\"elementor-slide-heading\">Fachschaftsrat<\/div><div class=\"elementor-slide-description\">FaRa<\/div><\/div><\/div><\/div>\t\t\t\t<\/div>\n\t\t\t\t\t\t\t<\/div>\n\t\t<\/div>\n\t\t\t\t<\/div>\n\t\t\t\t<\/div>\n\t\t\t\t\t\t<\/div>\n\t\t\t\t\t<\/div>\n\t\t<\/div>\n\t\t\t\t\t\t\t\t<\/div>\n\t\t\t\t\t<\/div>\n\t\t<\/section>\n\t\t\t\t<section class=\"elementor-section elementor-top-section elementor-element elementor-element-649765e elementor-section-boxed elementor-section-height-default elementor-section-height-default\" data-id=\"649765e\" data-element_type=\"section\">\n\t\t\t\t\t\t<div class=\"elementor-container elementor-column-gap-default\">\n\t\t\t\t\t\t\t<div class=\"elementor-row\">\n\t\t\t\t\t<div class=\"elementor-column elementor-col-100 elementor-top-column elementor-element elementor-element-6329474\" data-id=\"6329474\" data-element_type=\"column\">\n\t\t\t<div class=\"elementor-column-wrap elementor-element-populated\">\n\t\t\t\t\t\t\t<div class=\"elementor-widget-wrap\">\n\t\t\t\t\t\t<div class=\"elementor-element elementor-element-e86b65b elementor-widget elementor-widget-spacer\" data-id=\"e86b65b\" data-element_type=\"widget\" data-widget_type=\"spacer.default\">\n\t\t\t\t<div class=\"elementor-widget-container\">\n\t\t\t\t\t<div class=\"elementor-spacer\">\n\t\t\t<div class=\"elementor-spacer-inner\"><\/div>\n\t\t<\/div>\n\t\t\t\t<\/div>\n\t\t\t\t<\/div>\n\t\t\t\t<div class=\"elementor-element elementor-element-f0844ff elementor-widget elementor-widget-heading\" data-id=\"f0844ff\" data-element_type=\"widget\" data-widget_type=\"heading.default\">\n\t\t\t\t<div class=\"elementor-widget-container\">\n\t\t\t<h2 class=\"elementor-heading-title elementor-size-default\">Was ist der FaRa?<\/h2>\t\t<\/div>\n\t\t\t\t<\/div>\n\t\t\t\t<div class=\"elementor-element elementor-element-eb096cd elementor-widget elementor-widget-spacer\" data-id=\"eb096cd\" data-element_type=\"widget\" data-widget_type=\"spacer.default\">\n\t\t\t\t<div class=\"elementor-widget-container\">\n\t\t\t\t\t<div class=\"elementor-spacer\">\n\t\t\t<div class=\"elementor-spacer-inner\"><\/div>\n\t\t<\/div>\n\t\t\t\t<\/div>\n\t\t\t\t<\/div>\n\t\t\t\t<div class=\"elementor-element elementor-element-0d1ef66 elementor-widget elementor-widget-text-editor\" data-id=\"0d1ef66\" data-element_type=\"widget\" data-widget_type=\"text-editor.default\">\n\t\t\t\t<div class=\"elementor-widget-container\">\n\t\t\t\t\t\t\t\t<div class=\"elementor-text-editor elementor-clearfix\">\n\t\t\t\t<p>Jede Fakult\u00e4t hat einen eigenen Fachschaftsrat kurz FaRa. Es gibt an der Ostfalia also insgesamt 12 FaRa. Er vertritt die Interessen und Anliegen der Studierenden innerhalb der jeweiligen Fakult\u00e4t und ist somit der verl\u00e4ngerte Arm der Studierenden. Im FaRa sitzen 3 \u2013 6 gew\u00e4hlte Vertreter:innen, die euch bei s\u00e4mtlichen Fragen und Probleme zur Seite stehen und euch weiterhelfen.<\/p>\t\t\t\t\t<\/div>\n\t\t\t\t\t\t<\/div>\n\t\t\t\t<\/div>\n\t\t\t\t<div class=\"elementor-element elementor-element-92194fa elementor-widget elementor-widget-text-editor\" data-id=\"92194fa\" data-element_type=\"widget\" data-widget_type=\"text-editor.default\">\n\t\t\t\t<div class=\"elementor-widget-container\">\n\t\t\t\t\t\t\t\t<div class=\"elementor-text-editor elementor-clearfix\">\n\t\t\t\t<p><strong>Bringt euch mit ein, denn nur ihr k\u00f6nnt wissen, was f\u00fcr euch getan werden muss; und nur mittels eures Engagements werden neue Pr\u00fcfungs- und Studienordnungen so gestaltet werden, dass das Studium erkenntnisreich ist und keine \u00dcberforderung darstellt. Diese M\u00f6glichkeit zu nutzen, ist euer gutes \u2013 und selten: voll ausgenutztes \u2013 Recht.<\/strong><\/p>\t\t\t\t\t<\/div>\n\t\t\t\t\t\t<\/div>\n\t\t\t\t<\/div>\n\t\t\t\t\t\t<\/div>\n\t\t\t\t\t<\/div>\n\t\t<\/div>\n\t\t\t\t\t\t\t\t<\/div>\n\t\t\t\t\t<\/div>\n\t\t<\/section>\n\t\t\t\t<section class=\"elementor-section elementor-top-section elementor-element elementor-element-2fd2887 elementor-section-height-min-height elementor-section-boxed elementor-section-height-default elementor-section-items-middle\" data-id=\"2fd2887\" data-element_type=\"section\">\n\t\t\t\t\t\t<div class=\"elementor-container elementor-column-gap-default\">\n\t\t\t\t\t\t\t<div class=\"elementor-row\">\n\t\t\t\t\t<div class=\"elementor-column elementor-col-100 elementor-top-column elementor-element elementor-element-d70f0f2\" data-id=\"d70f0f2\" data-element_type=\"column\">\n\t\t\t<div class=\"elementor-column-wrap elementor-element-populated\">\n\t\t\t\t\t\t\t<div class=\"elementor-widget-wrap\">\n\t\t\t\t\t\t<section class=\"elementor-section elementor-inner-section elementor-element elementor-element-6b48c45 elementor-section-boxed elementor-section-height-default elementor-section-height-default\" data-id=\"6b48c45\" data-element_type=\"section\">\n\t\t\t\t\t\t<div class=\"elementor-container elementor-column-gap-default\">\n\t\t\t\t\t\t\t<div class=\"elementor-row\">\n\t\t\t\t\t<div class=\"elementor-column elementor-col-33 elementor-inner-column elementor-element elementor-element-70b6f37\" data-id=\"70b6f37\" data-element_type=\"column\">\n\t\t\t<div class=\"elementor-column-wrap elementor-element-populated\">\n\t\t\t\t\t\t\t<div class=\"elementor-widget-wrap\">\n\t\t\t\t\t\t<div class=\"elementor-element elementor-element-18959e5 elementor-widget elementor-widget-heading\" data-id=\"18959e5\" data-element_type=\"widget\" data-widget_type=\"heading.default\">\n\t\t\t\t<div class=\"elementor-widget-container\">\n\t\t\t<h4 class=\"elementor-heading-title elementor-size-default\">Fachschaft - was ist das?<\/h4>\t\t<\/div>\n\t\t\t\t<\/div>\n\t\t\t\t<div class=\"elementor-element elementor-element-1e464a7 elementor-widget elementor-widget-text-editor\" data-id=\"1e464a7\" data-element_type=\"widget\" data-widget_type=\"text-editor.default\">\n\t\t\t\t<div class=\"elementor-widget-container\">\n\t\t\t\t\t\t\t\t<div class=\"elementor-text-editor elementor-clearfix\">\n\t\t\t\t<p class=\"ston-p\">Eine <strong>Fachschaft<\/strong>, das ist die Gesamtheit aller Studierenden eines Faches. Ihr geh\u00f6rt also zu allen Fachschaften der F\u00e4cher, die ihr studiert. Umgangssprachlich ist mit \u201edie Fachschaft\u201c in der Regel aber der so genannte <strong>Fachschaftsrat<\/strong> gemeint.<\/p><p class=\"ston-p\">Dieser wird \u2013 wie alle Fachschaftsr\u00e4te \u2013 von und aus den Studierenden eines Faches demokratisch entweder auf einer Vollversammlung oder aber mittels Urnenwahl gew\u00e4hlt. Er ist auf Ebene des Faches das, was der <a href=\"https:\/\/www.studis-online.de\/StudInfo\/Glossar\/AStA-Allgemeiner_Studierendenausschuss_StudentInnenausschuss.php\" class=\"ston-farblink\">Allgemeine Studierendenausschuss (AStA)<\/a> auf der Ebene der Hochschule ist: Der Fachschaftsrat ist die studentische Interessenvertretung der Studierenden nur eines Faches. Ihr d\u00fcrft ihn w\u00e4hlen, euch aber auch in ihn hineinw\u00e4hlen lassen.<\/p>\t\t\t\t\t<\/div>\n\t\t\t\t\t\t<\/div>\n\t\t\t\t<\/div>\n\t\t\t\t\t\t<\/div>\n\t\t\t\t\t<\/div>\n\t\t<\/div>\n\t\t\t\t<div class=\"elementor-column elementor-col-33 elementor-inner-column elementor-element elementor-element-a27e7b3\" data-id=\"a27e7b3\" data-element_type=\"column\">\n\t\t\t<div class=\"elementor-column-wrap elementor-element-populated\">\n\t\t\t\t\t\t\t<div class=\"elementor-widget-wrap\">\n\t\t\t\t\t\t<div class=\"elementor-element elementor-element-593e272 elementor-widget elementor-widget-heading\" data-id=\"593e272\" data-element_type=\"widget\" data-widget_type=\"heading.default\">\n\t\t\t\t<div class=\"elementor-widget-container\">\n\t\t\t<h4 class=\"elementor-heading-title elementor-size-default\">Ganz konkrete Hilfe von Kommiliton:innen<\/h4>\t\t<\/div>\n\t\t\t\t<\/div>\n\t\t\t\t<div class=\"elementor-element elementor-element-de237d9 elementor-widget elementor-widget-text-editor\" data-id=\"de237d9\" data-element_type=\"widget\" data-widget_type=\"text-editor.default\">\n\t\t\t\t<div class=\"elementor-widget-container\">\n\t\t\t\t\t\t\t\t<div class=\"elementor-text-editor elementor-clearfix\">\n\t\t\t\t<p class=\"ston-p\">Im Gegensatz zu den Mitglieder:innen im AStA kennen die Mitglieder:innen des Fachschaftsrates eure konkreten Probleme meist sehr genau. Als Mitglied im Fachschaftsrat k\u00fcmmert ihr euch um die satzungsgem\u00e4\u00dfe Vertretung der Interessen der Studierenden eures Faches wie z.B:<\/p><ul><li class=\"ston-p\">Vertretung der studentischen Interessen gegen\u00fcber dem Institut oder der Fakult\u00e4t,<\/li><li class=\"ston-p\">die Mitwirkung bei der Gestaltung der Studienordnungen; Hilfe bei den Klausurenvorbereitungen,<\/li><li class=\"ston-p\">ganz konkrete Sammlungen von (Probe-)Klausuren,<\/li><li class=\"ston-p\">zugeh\u00f6rigen Lernunterlagen als Kopiervorlagen aus den Vorjahren<\/li><li class=\"ston-p\">Organisation von Partys, &#8222;Einf\u00fchrungswochen&#8220; f\u00fcr die neuen Studierenden oder Informationsveranstaltungen f\u00fcr die Studierenden,<\/li><li class=\"ston-p\">in einigen F\u00e4llen sogar Weiterbildungen oder Exkursionen, die fachrelevant sind, uvm&#8230;..<\/li><\/ul>\t\t\t\t\t<\/div>\n\t\t\t\t\t\t<\/div>\n\t\t\t\t<\/div>\n\t\t\t\t\t\t<\/div>\n\t\t\t\t\t<\/div>\n\t\t<\/div>\n\t\t\t\t<div class=\"elementor-column elementor-col-33 elementor-inner-column elementor-element elementor-element-2def321\" data-id=\"2def321\" data-element_type=\"column\">\n\t\t\t<div class=\"elementor-column-wrap elementor-element-populated\">\n\t\t\t\t\t\t\t<div class=\"elementor-widget-wrap\">\n\t\t\t\t\t\t<div class=\"elementor-element elementor-element-0dfb1b5 elementor-widget elementor-widget-heading\" data-id=\"0dfb1b5\" data-element_type=\"widget\" data-widget_type=\"heading.default\">\n\t\t\t\t<div class=\"elementor-widget-container\">\n\t\t\t<h4 class=\"elementor-heading-title elementor-size-default\">Finanzautonomie und bundesweite Aktion<\/h4>\t\t<\/div>\n\t\t\t\t<\/div>\n\t\t\t\t<div class=\"elementor-element elementor-element-c50eb01 elementor-widget elementor-widget-text-editor\" data-id=\"c50eb01\" data-element_type=\"widget\" data-widget_type=\"text-editor.default\">\n\t\t\t\t<div class=\"elementor-widget-container\">\n\t\t\t\t\t\t\t\t<div class=\"elementor-text-editor elementor-clearfix\">\n\t\t\t\t<section id=\"finanzen\"><p class=\"ston-p\">Ihr Budget daf\u00fcr erhalten sie hierbei (zumindest in allen Bundesl\u00e4ndern, wo es eine <a href=\"https:\/\/www.studis-online.de\/StudInfo\/Glossar\/VS-Verfasste_Studierendenschaft.php\" class=\"ston-farblink\">Verfasste Studierendenschaft<\/a> gibt) mittels Umlage aus den Semesterbeitr\u00e4gen; diese wird dem FaRa durch den AStA zur Verf\u00fcgung gestellt. Der Fachschaftsrat verf\u00fcgt aufgrund eigener Finanzen also durchaus \u00fcber einen eigenen Gestaltungs-spielraum, was seine \u201ePolitik\u201c und Hilfe f\u00fcr euch angeht.<\/p><p class=\"ston-p\">An vielen Hochschulen vereinen sich die Fachschaften schlie\u00dflich in einem zentralen Gremium; genannt bsw. \u201eZentraler Fach-schaftenrat\u201c oder \u201eFachschaftenkonferenz\u201c (FK). Dieser besteht aus allen FaRa der Universit\u00e4t. Dort werden dann auch Themen besprochen, die mehrere Fach-schaften besch\u00e4ftigen oder tagesaktuell sind. <\/p><p class=\"ston-p\">Und wie sich euer AStA auf h\u00f6heren Ebenen \u201evernetzt\u201c, tut dies auch euer Fachschaftsrat. Etwa zweimal j\u00e4hrlich finden \u2013 je nach Fach und in diesem anzutreffenden Engagement \u2013 Treffen der so genannten <a href=\"https:\/\/www.studis-online.de\/hochschulpolitik\/bufata-verzeichnis.php\" class=\"ston-farblink\">Bundes-fachschaftentagungen (BuFaTa)<\/a> statt.<\/p><\/section>\t\t\t\t\t<\/div>\n\t\t\t\t\t\t<\/div>\n\t\t\t\t<\/div>\n\t\t\t\t\t\t<\/div>\n\t\t\t\t\t<\/div>\n\t\t<\/div>\n\t\t\t\t\t\t\t\t<\/div>\n\t\t\t\t\t<\/div>\n\t\t<\/section>\n\t\t\t\t<section class=\"elementor-section elementor-inner-section elementor-element elementor-element-6981776 elementor-section-boxed elementor-section-height-default elementor-section-height-default\" data-id=\"6981776\" data-element_type=\"section\">\n\t\t\t\t\t\t<div class=\"elementor-container elementor-column-gap-default\">\n\t\t\t\t\t\t\t<div class=\"elementor-row\">\n\t\t\t\t\t<div class=\"elementor-column elementor-col-50 elementor-inner-column elementor-element elementor-element-0b51cab\" data-id=\"0b51cab\" data-element_type=\"column\">\n\t\t\t<div class=\"elementor-column-wrap elementor-element-populated\">\n\t\t\t\t\t\t\t<div class=\"elementor-widget-wrap\">\n\t\t\t\t\t\t<div class=\"elementor-element elementor-element-5272216 elementor-widget elementor-widget-heading\" data-id=\"5272216\" data-element_type=\"widget\" data-widget_type=\"heading.default\">\n\t\t\t\t<div class=\"elementor-widget-container\">\n\t\t\t<h4 class=\"elementor-heading-title elementor-size-default\">Gute Erfahrungen sammeln                 \n                                                                                                                                        <\/h4>\t\t<\/div>\n\t\t\t\t<\/div>\n\t\t\t\t<div class=\"elementor-element elementor-element-4fb1951 elementor-widget elementor-widget-text-editor\" data-id=\"4fb1951\" data-element_type=\"widget\" data-widget_type=\"text-editor.default\">\n\t\t\t\t<div class=\"elementor-widget-container\">\n\t\t\t\t\t\t\t\t<div class=\"elementor-text-editor elementor-clearfix\">\n\t\t\t\t<p class=\"ston-p\">Eine aktive Mitarbeit in der eigenen Fachschaft stellt dabei in den allermeisten F\u00e4llen eine wirkliche Bereicherung dar. Es wird viel diskutiert und organisiert, vor allem aber \u2013 und das ist ein wichtiger Unterschied zu der Arbeit etwa im \u201e<a href=\"https:\/\/www.studis-online.de\/StudInfo\/Glossar\/SP_StuPa-StudentInnenparlament.php\" class=\"ston-farblink\">Studierendenparlament<\/a>\u201c \u2013 direkter an den Problemen im eigenen Studienfach, eben der eigenen Lebensrealit\u00e4t, gefeilt.<\/p><p class=\"ston-p\">Gut abgesprochen und vorbereitet hat es schon so mancher Fachschaftsrat geschafft, in den Hochschulgremien ma\u00dfgeblichen Einfluss auf neu entstehende Pr\u00fcfungsordnungen zu nehmen, Kommilitonen dabei geholfen, <a href=\"https:\/\/www.bafoeg-rechner.de\/FAQ\/ueberhaupt.php\" class=\"ston-farblink\">BAf\u00f6G<\/a> zu erhalten, und vieles mehr.<\/p><p class=\"ston-p\">Ganz abgesehen davon, so berichten Altfachschaftler:innen in Foren im Netz, erh\u00e4lt man dank der Arbeit im Fachschaftsrat einen \u201egewaltigen Informationsvorsprung\u201c und hat jede Menge Spa\u00df.<\/p><p class=\"ston-p\">Macht ihr die Arbeit l\u00e4nger und gut, erh\u00e4lst du zudem eine Verl\u00e4ngerung der BAf\u00f6G-F\u00f6rderungsdauer um bis zu zwei \u201eGremiensemester\u201c. Dies h\u00e4ngt jedoch von den konkreten Regelungen an den Hochschulen ab.<\/p>\t\t\t\t\t<\/div>\n\t\t\t\t\t\t<\/div>\n\t\t\t\t<\/div>\n\t\t\t\t\t\t<\/div>\n\t\t\t\t\t<\/div>\n\t\t<\/div>\n\t\t\t\t<div class=\"elementor-column elementor-col-50 elementor-inner-column elementor-element elementor-element-7ccc6d4\" data-id=\"7ccc6d4\" data-element_type=\"column\">\n\t\t\t<div class=\"elementor-column-wrap elementor-element-populated\">\n\t\t\t\t\t\t\t<div class=\"elementor-widget-wrap\">\n\t\t\t\t\t\t<div class=\"elementor-element elementor-element-5a4e88f elementor-widget elementor-widget-heading\" data-id=\"5a4e88f\" data-element_type=\"widget\" data-widget_type=\"heading.default\">\n\t\t\t\t<div class=\"elementor-widget-container\">\n\t\t\t<h4 class=\"elementor-heading-title elementor-size-default\">Zu wenig Mitbestimmung und zu wenig mitbestimmt<\/h4>\t\t<\/div>\n\t\t\t\t<\/div>\n\t\t\t\t<div class=\"elementor-element elementor-element-29d16ee elementor-widget elementor-widget-text-editor\" data-id=\"29d16ee\" data-element_type=\"widget\" data-widget_type=\"text-editor.default\">\n\t\t\t\t<div class=\"elementor-widget-container\">\n\t\t\t\t\t\t\t\t<div class=\"elementor-text-editor elementor-clearfix\">\n\t\t\t\t<p class=\"ston-p\">Leider mangelt es vielen Fachschaftsr\u00e4ten an neuen Leuten und Engagement. Auch wegen zu viel Arbeitsbelastung im Studium. Aber gerade das w\u00e4re eigentlich ein Grund, sich zu engagieren. Denn: Gerade der Fachschaftsrat k\u00f6nnte Einfluss darauf nehmen, dass Pr\u00fcfungen, die einfach \u201ezu viel\u201c und von niemandem zu schaffen sind, abgeschafft oder vereinfacht werden. Etwas, das leider zu selten geschieht.<\/p><p class=\"ston-p\">Generell kann man konstatieren: Sehr viele M\u00f6glichkeiten der Mitbestimmung hat die studentische Selbstverwaltung an den Hochschulen und in den Hochschulgremien zwar nicht; viele der vorhandenen M\u00f6glichkeiten werden jedoch oft auch, was schade ist, gar nicht genutzt.<\/p><p class=\"ston-p\"><\/p>\t\t\t\t\t<\/div>\n\t\t\t\t\t\t<\/div>\n\t\t\t\t<\/div>\n\t\t\t\t\t\t<\/div>\n\t\t\t\t\t<\/div>\n\t\t<\/div>\n\t\t\t\t\t\t\t\t<\/div>\n\t\t\t\t\t<\/div>\n\t\t<\/section>\n\t\t\t\t<div class=\"elementor-element elementor-element-ee2d827 elementor-widget elementor-widget-text-editor\" data-id=\"ee2d827\" data-element_type=\"widget\" data-widget_type=\"text-editor.default\">\n\t\t\t\t<div class=\"elementor-widget-container\">\n\t\t\t\t\t\t\t\t<div class=\"elementor-text-editor elementor-clearfix\">\n\t\t\t\t\t\t\t\t\t<\/div>\n\t\t\t\t\t\t<\/div>\n\t\t\t\t<\/div>\n\t\t\t\t\t\t<\/div>\n\t\t\t\t\t<\/div>\n\t\t<\/div>\n\t\t\t\t\t\t\t\t<\/div>\n\t\t\t\t\t<\/div>\n\t\t<\/section>\n\t\t\t\t\t\t\t\t\t<\/div>\n\t\t\t<\/div>\n\t\t\t\t\t<\/div>\n\t\t","protected":false},"excerpt":{"rendered":"<p>FachschaftsratFaRa Was ist der FaRa? Jede Fakult\u00e4t hat einen eigenen Fachschaftsrat kurz FaRa. Es gibt an der Ostfalia also insgesamt 12 FaRa. Er vertritt die Interessen und Anliegen der Studierenden innerhalb der jeweiligen Fakult\u00e4t und ist somit der verl\u00e4ngerte Arm der Studierenden. Im FaRa sitzen 3 \u2013 6 gew\u00e4hlte Vertreter:innen, [&hellip;]<\/p>\n","protected":false},"author":8,"featured_media":0,"parent":0,"menu_order":0,"comment_status":"closed","ping_status":"closed","template":"page-templates\/template-pagebuilder-full-width.php","meta":{"footnotes":""},"class_list":["post-815","page","type-page","status-publish","hentry"],"_links":{"self":[{"href":"https:\/\/asta.ostfalia.de\/index.php\/wp-json\/wp\/v2\/pages\/815","targetHints":{"allow":["GET"]}}],"collection":[{"href":"https:\/\/asta.ostfalia.de\/index.php\/wp-json\/wp\/v2\/pages"}],"about":[{"href":"https:\/\/asta.ostfalia.de\/index.php\/wp-json\/wp\/v2\/types\/page"}],"author":[{"embeddable":true,"href":"https:\/\/asta.ostfalia.de\/index.php\/wp-json\/wp\/v2\/users\/8"}],"replies":[{"embeddable":true,"href":"https:\/\/asta.ostfalia.de\/index.php\/wp-json\/wp\/v2\/comments?post=815"}],"version-history":[{"count":174,"href":"https:\/\/asta.ostfalia.de\/index.php\/wp-json\/wp\/v2\/pages\/815\/revisions"}],"predecessor-version":[{"id":5109,"href":"https:\/\/asta.ostfalia.de\/index.php\/wp-json\/wp\/v2\/pages\/815\/revisions\/5109"}],"wp:attachment":[{"href":"https:\/\/asta.ostfalia.de\/index.php\/wp-json\/wp\/v2\/media?parent=815"}],"curies":[{"name":"wp","href":"https:\/\/api.w.org\/{rel}","templated":true}]}}