{"id":6735,"date":"2024-10-09T11:12:26","date_gmt":"2024-10-09T09:12:26","guid":{"rendered":"https:\/\/asta.ostfalia.de\/?page_id=6735"},"modified":"2025-10-29T09:52:19","modified_gmt":"2025-10-29T08:52:19","slug":"link-und-datenschutz-zum-dsemti","status":"publish","type":"page","link":"https:\/\/asta.ostfalia.de\/index.php\/link-und-datenschutz-zum-dsemti\/","title":{"rendered":"Einloggen per Link oder QR-Code und Datenschutz zum DSemTi"},"content":{"rendered":"\t\t<div data-elementor-type=\"wp-page\" data-elementor-id=\"6735\" class=\"elementor elementor-6735\">\n\t\t\t\t\t\t<div class=\"elementor-inner\">\n\t\t\t\t<div class=\"elementor-section-wrap\">\n\t\t\t\t\t\t\t\t\t<section class=\"elementor-section elementor-top-section elementor-element elementor-element-2b5ac19 elementor-hidden-desktop elementor-hidden-tablet elementor-hidden-phone elementor-section-boxed elementor-section-height-default elementor-section-height-default\" data-id=\"2b5ac19\" data-element_type=\"section\">\n\t\t\t\t\t\t<div class=\"elementor-container elementor-column-gap-default\">\n\t\t\t\t\t\t\t<div class=\"elementor-row\">\n\t\t\t\t\t<div class=\"elementor-column elementor-col-100 elementor-top-column elementor-element elementor-element-bc5c089\" data-id=\"bc5c089\" data-element_type=\"column\">\n\t\t\t<div class=\"elementor-column-wrap elementor-element-populated\">\n\t\t\t\t\t\t\t<div class=\"elementor-widget-wrap\">\n\t\t\t\t\t\t<div class=\"elementor-element elementor-element-1ffea11 elementor-widget elementor-widget-spacer\" data-id=\"1ffea11\" data-element_type=\"widget\" data-widget_type=\"spacer.default\">\n\t\t\t\t<div class=\"elementor-widget-container\">\n\t\t\t\t\t<div class=\"elementor-spacer\">\n\t\t\t<div class=\"elementor-spacer-inner\"><\/div>\n\t\t<\/div>\n\t\t\t\t<\/div>\n\t\t\t\t<\/div>\n\t\t\t\t<div class=\"elementor-element elementor-element-c8cc2fe elementor-widget elementor-widget-menu-anchor\" data-id=\"c8cc2fe\" data-element_type=\"widget\" data-widget_type=\"menu-anchor.default\">\n\t\t\t\t<div class=\"elementor-widget-container\">\n\t\t\t\t\t<div id=\"Kontakt\" class=\"elementor-menu-anchor\"><\/div>\n\t\t\t\t<\/div>\n\t\t\t\t<\/div>\n\t\t\t\t\t\t<\/div>\n\t\t\t\t\t<\/div>\n\t\t<\/div>\n\t\t\t\t\t\t\t\t<\/div>\n\t\t\t\t\t<\/div>\n\t\t<\/section>\n\t\t\t\t<section class=\"elementor-section elementor-top-section elementor-element elementor-element-b12a4cc elementor-section-boxed elementor-section-height-default elementor-section-height-default\" data-id=\"b12a4cc\" data-element_type=\"section\">\n\t\t\t\t\t\t<div class=\"elementor-container elementor-column-gap-default\">\n\t\t\t\t\t\t\t<div class=\"elementor-row\">\n\t\t\t\t\t<div class=\"elementor-column elementor-col-100 elementor-top-column elementor-element elementor-element-3cce3cc\" data-id=\"3cce3cc\" data-element_type=\"column\">\n\t\t\t<div class=\"elementor-column-wrap elementor-element-populated\">\n\t\t\t\t\t\t\t<div class=\"elementor-widget-wrap\">\n\t\t\t\t\t\t<div class=\"elementor-element elementor-element-68bc827 elementor--h-position-center elementor--v-position-middle elementor-arrows-position-inside elementor-pagination-position-inside elementor-widget elementor-widget-slides\" data-id=\"68bc827\" data-element_type=\"widget\" data-settings=\"{&quot;navigation&quot;:&quot;both&quot;,&quot;autoplay&quot;:&quot;yes&quot;,&quot;pause_on_hover&quot;:&quot;yes&quot;,&quot;pause_on_interaction&quot;:&quot;yes&quot;,&quot;autoplay_speed&quot;:5000,&quot;infinite&quot;:&quot;yes&quot;,&quot;transition&quot;:&quot;slide&quot;,&quot;transition_speed&quot;:500}\" data-widget_type=\"slides.default\">\n\t\t\t\t<div class=\"elementor-widget-container\">\n\t\t\t\t\t<div class=\"elementor-swiper\">\n\t\t\t<div class=\"elementor-slides-wrapper elementor-main-swiper swiper-container\" dir=\"ltr\" data-animation=\"fadeInUp\">\n\t\t\t\t<div class=\"swiper-wrapper elementor-slides\">\n\t\t\t\t\t<div class=\"elementor-repeater-item-2f11f38 swiper-slide\"><div class=\"swiper-slide-bg\"><\/div><div class=\"swiper-slide-inner\" ><div class=\"swiper-slide-contents\"><div class=\"elementor-slide-heading\">Link\/QR-Code zum Deutschlandsemester-Ticket<\/div><div class=\"elementor-slide-description\">Datenschutzerkl\u00e4rung und Anmeldelink bzw. QR-Code<\/div><\/div><\/div><\/div>\t\t\t\t<\/div>\n\t\t\t\t\t\t\t<\/div>\n\t\t<\/div>\n\t\t\t\t<\/div>\n\t\t\t\t<\/div>\n\t\t\t\t\t\t<\/div>\n\t\t\t\t\t<\/div>\n\t\t<\/div>\n\t\t\t\t\t\t\t\t<\/div>\n\t\t\t\t\t<\/div>\n\t\t<\/section>\n\t\t\t\t<section class=\"elementor-section elementor-top-section elementor-element elementor-element-cd81c19 elementor-section-boxed elementor-section-height-default elementor-section-height-default\" data-id=\"cd81c19\" data-element_type=\"section\">\n\t\t\t\t\t\t<div class=\"elementor-container elementor-column-gap-default\">\n\t\t\t\t\t\t\t<div class=\"elementor-row\">\n\t\t\t\t\t<div class=\"elementor-column elementor-col-100 elementor-top-column elementor-element elementor-element-3303f00\" data-id=\"3303f00\" data-element_type=\"column\">\n\t\t\t<div class=\"elementor-column-wrap elementor-element-populated\">\n\t\t\t\t\t\t\t<div class=\"elementor-widget-wrap\">\n\t\t\t\t\t\t<section class=\"elementor-section elementor-inner-section elementor-element elementor-element-35a0190 elementor-section-full_width elementor-section-height-default elementor-section-height-default\" data-id=\"35a0190\" data-element_type=\"section\">\n\t\t\t\t\t\t<div class=\"elementor-container elementor-column-gap-default\">\n\t\t\t\t\t\t\t<div class=\"elementor-row\">\n\t\t\t\t\t<div class=\"elementor-column elementor-col-50 elementor-inner-column elementor-element elementor-element-759b4e4\" data-id=\"759b4e4\" data-element_type=\"column\" data-settings=\"{&quot;background_background&quot;:&quot;gradient&quot;}\">\n\t\t\t<div class=\"elementor-column-wrap elementor-element-populated\">\n\t\t\t\t\t\t\t<div class=\"elementor-widget-wrap\">\n\t\t\t\t\t\t<div class=\"elementor-element elementor-element-66cc8e5 elementor-position-left elementor-view-default elementor-mobile-position-top elementor-vertical-align-top elementor-widget elementor-widget-icon-box\" data-id=\"66cc8e5\" data-element_type=\"widget\" data-widget_type=\"icon-box.default\">\n\t\t\t\t<div class=\"elementor-widget-container\">\n\t\t\t\t\t<div class=\"elementor-icon-box-wrapper\">\n\t\t\t\t\t\t<div class=\"elementor-icon-box-icon\">\n\t\t\t\t<a class=\"elementor-icon elementor-animation-\" href=\"https:\/\/abo.ride-ticketing.de\/app\/login?partnerId=95c07d0fc0f60d6812ddfcdf6d81f2f5\">\n\t\t\t\t<i aria-hidden=\"true\" class=\"fas fa-link\"><\/i>\t\t\t\t<\/a>\n\t\t\t<\/div>\n\t\t\t\t\t\t<div class=\"elementor-icon-box-content\">\n\t\t\t\t<h3 class=\"elementor-icon-box-title\">\n\t\t\t\t\t<a href=\"https:\/\/abo.ride-ticketing.de\/app\/login?partnerId=95c07d0fc0f60d6812ddfcdf6d81f2f5\" >\n\t\t\t\t\t\tAnmeldelink Deutschlandsemeter-Ticket\t\t\t\t\t<\/a>\n\t\t\t\t<\/h3>\n\t\t\t\t\t\t\t<\/div>\n\t\t<\/div>\n\t\t\t\t<\/div>\n\t\t\t\t<\/div>\n\t\t\t\t\t\t<\/div>\n\t\t\t\t\t<\/div>\n\t\t<\/div>\n\t\t\t\t<div class=\"elementor-column elementor-col-50 elementor-inner-column elementor-element elementor-element-c611844\" data-id=\"c611844\" data-element_type=\"column\">\n\t\t\t<div class=\"elementor-column-wrap elementor-element-populated\">\n\t\t\t\t\t\t\t<div class=\"elementor-widget-wrap\">\n\t\t\t\t\t\t<div class=\"elementor-element elementor-element-89932c9 elementor-position-left elementor-view-default elementor-mobile-position-top elementor-vertical-align-top elementor-widget elementor-widget-icon-box\" data-id=\"89932c9\" data-element_type=\"widget\" data-widget_type=\"icon-box.default\">\n\t\t\t\t<div class=\"elementor-widget-container\">\n\t\t\t\t\t<div class=\"elementor-icon-box-wrapper\">\n\t\t\t\t\t\t<div class=\"elementor-icon-box-icon\">\n\t\t\t\t<a class=\"elementor-icon elementor-animation-\" href=\"https:\/\/asta.ostfalia.de\/wp-content\/uploads\/2025\/01\/QR-Code-Ticket.jpg\">\n\t\t\t\t<i aria-hidden=\"true\" class=\"fas fa-qrcode\"><\/i>\t\t\t\t<\/a>\n\t\t\t<\/div>\n\t\t\t\t\t\t<div class=\"elementor-icon-box-content\">\n\t\t\t\t<h3 class=\"elementor-icon-box-title\">\n\t\t\t\t\t<a href=\"https:\/\/asta.ostfalia.de\/wp-content\/uploads\/2025\/01\/QR-Code-Ticket.jpg\" >\n\t\t\t\t\t\tQR-Code Deutschlandsemester-Ticket\t\t\t\t\t<\/a>\n\t\t\t\t<\/h3>\n\t\t\t\t\t\t\t<\/div>\n\t\t<\/div>\n\t\t\t\t<\/div>\n\t\t\t\t<\/div>\n\t\t\t\t\t\t<\/div>\n\t\t\t\t\t<\/div>\n\t\t<\/div>\n\t\t\t\t\t\t\t\t<\/div>\n\t\t\t\t\t<\/div>\n\t\t<\/section>\n\t\t\t\t<div class=\"elementor-element elementor-element-9bbb2aa elementor-widget elementor-widget-spacer\" data-id=\"9bbb2aa\" data-element_type=\"widget\" data-widget_type=\"spacer.default\">\n\t\t\t\t<div class=\"elementor-widget-container\">\n\t\t\t\t\t<div class=\"elementor-spacer\">\n\t\t\t<div class=\"elementor-spacer-inner\"><\/div>\n\t\t<\/div>\n\t\t\t\t<\/div>\n\t\t\t\t<\/div>\n\t\t\t\t<section class=\"elementor-section elementor-inner-section elementor-element elementor-element-9707d02 elementor-section-boxed elementor-section-height-default elementor-section-height-default\" data-id=\"9707d02\" data-element_type=\"section\">\n\t\t\t\t\t\t<div class=\"elementor-container elementor-column-gap-default\">\n\t\t\t\t\t\t\t<div class=\"elementor-row\">\n\t\t\t\t\t<div class=\"elementor-column elementor-col-100 elementor-inner-column elementor-element elementor-element-5123312\" data-id=\"5123312\" data-element_type=\"column\">\n\t\t\t<div class=\"elementor-column-wrap elementor-element-populated\">\n\t\t\t\t\t\t\t<div class=\"elementor-widget-wrap\">\n\t\t\t\t\t\t<div class=\"elementor-element elementor-element-8377d75 elementor-position-left elementor-view-default elementor-mobile-position-top elementor-vertical-align-top elementor-widget elementor-widget-icon-box\" data-id=\"8377d75\" data-element_type=\"widget\" data-widget_type=\"icon-box.default\">\n\t\t\t\t<div class=\"elementor-widget-container\">\n\t\t\t\t\t<div class=\"elementor-icon-box-wrapper\">\n\t\t\t\t\t\t<div class=\"elementor-icon-box-icon\">\n\t\t\t\t<a class=\"elementor-icon elementor-animation-\" href=\"https:\/\/asta.ostfalia.de\/wp-content\/uploads\/2025\/01\/Anleitung-Deutschlandsemester-Ticket-Ankuendigung.jpg\">\n\t\t\t\t<i aria-hidden=\"true\" class=\"far fa-list-alt\"><\/i>\t\t\t\t<\/a>\n\t\t\t<\/div>\n\t\t\t\t\t\t<div class=\"elementor-icon-box-content\">\n\t\t\t\t<h3 class=\"elementor-icon-box-title\">\n\t\t\t\t\t<a href=\"https:\/\/asta.ostfalia.de\/wp-content\/uploads\/2025\/01\/Anleitung-Deutschlandsemester-Ticket-Ankuendigung.jpg\" >\n\t\t\t\t\t\tKurzanleitung zum Einloggen\t\t\t\t\t<\/a>\n\t\t\t\t<\/h3>\n\t\t\t\t\t\t\t<\/div>\n\t\t<\/div>\n\t\t\t\t<\/div>\n\t\t\t\t<\/div>\n\t\t\t\t\t\t<\/div>\n\t\t\t\t\t<\/div>\n\t\t<\/div>\n\t\t\t\t\t\t\t\t<\/div>\n\t\t\t\t\t<\/div>\n\t\t<\/section>\n\t\t\t\t<div class=\"elementor-element elementor-element-c069064 elementor-widget elementor-widget-spacer\" data-id=\"c069064\" data-element_type=\"widget\" data-widget_type=\"spacer.default\">\n\t\t\t\t<div class=\"elementor-widget-container\">\n\t\t\t\t\t<div class=\"elementor-spacer\">\n\t\t\t<div class=\"elementor-spacer-inner\"><\/div>\n\t\t<\/div>\n\t\t\t\t<\/div>\n\t\t\t\t<\/div>\n\t\t\t\t<div class=\"elementor-element elementor-element-5a20c82 elementor-widget elementor-widget-text-editor\" data-id=\"5a20c82\" data-element_type=\"widget\" data-widget_type=\"text-editor.default\">\n\t\t\t\t<div class=\"elementor-widget-container\">\n\t\t\t\t\t\t\t\t<div class=\"elementor-text-editor elementor-clearfix\">\n\t\t\t\t<p><strong>Bei Fragen zum Deutschlandsemester-Ticket meldet Euch bitte in der AStA Gesch\u00e4ftsstelle <a href=\"mailto:asta-geschaeftsstelle@ostfalia.de\">asta-geschaeftsstelle@ostfalia.de<\/a> oder 05331 \/ 939 17900.<\/strong><br \/>Bitte nicht den Datenschutzbeauftragten kontaktieren!<\/p>\t\t\t\t\t<\/div>\n\t\t\t\t\t\t<\/div>\n\t\t\t\t<\/div>\n\t\t\t\t<div class=\"elementor-element elementor-element-3126e17 elementor-widget elementor-widget-heading\" data-id=\"3126e17\" data-element_type=\"widget\" data-widget_type=\"heading.default\">\n\t\t\t\t<div class=\"elementor-widget-container\">\n\t\t\t<h2 class=\"elementor-heading-title elementor-size-default\">Datenschutzerkl\u00e4rung f\u00fcr die Ostfalia Hochschule:<\/h2>\t\t<\/div>\n\t\t\t\t<\/div>\n\t\t\t\t<div class=\"elementor-element elementor-element-8b398ed elementor-widget elementor-widget-text-editor\" data-id=\"8b398ed\" data-element_type=\"widget\" data-widget_type=\"text-editor.default\">\n\t\t\t\t<div class=\"elementor-widget-container\">\n\t\t\t\t\t\t\t\t<div class=\"elementor-text-editor elementor-clearfix\">\n\t\t\t\t<p>Datenschutzerkl\u00e4rung der Ostfalia Hochschule zur \u00dcbermittlung personenbezogener Daten f\u00fcr das Ausstellen eines \u201eDeutschlandtickets&#8220;.<\/p><p>Durch die Eingabe Ihrer Nutzendenkennung sowie Ihres Passwortes und Aktivieren das \u201eAkzeptieren\u201c-Feld, beauftragen Sie hiermit die Ostfalia Hochschule f\u00fcr die Ausstellung eines Deutschlandtickets personenbezogene Daten zu Ihrer Person an die Firma Digital H zu \u00fcbermitteln. Die Firma Digital H ist Unterauftragnehmer der Niedersachsentarif GmbH (NITAG), welche das Deutschlandticket in Niedersachsen verwaltet.<\/p><p><strong>Die \u00fcbermittelten Daten sind:<\/strong><\/p><ul><li>Vorname<\/li><li>Nachname<\/li><li>Geburtsdatum<\/li><li>Matrikelnummer<\/li><li>G\u00fcltigkeitsdatum f\u00fcr das Ticket<\/li><li>Identifikationsnummer der Daten\u00fcbermittlung Studierendenstatus<\/li><\/ul><p>Die Firma Digital H nutzt das Shibboleth-System der Hochschule (ein System zur sicheren und datenschutzkonformen internetweiten Identifizierung, Authentifizierung und Autorisierung) um die genannten Daten nach der durch Sie erfolgten Beauftragung zu erhalten.<\/p><p>Bevor Sie Ihre Nutzendenkennung eingeben und das \u201eAkzeptieren\u201c-Feld der Folgeseite aktivieren, erfolgt keine Verarbeitung personenbezogener Daten.<\/p><p>Die weitere Verarbeitung der Daten nach der beauftragten \u00dcbermittlung erfolgt aufgrund von Vertr\u00e4gen, welche der AStA der Ostfalia Hochschule mit der Niedersachsentarif GmbH und Unterauftragnehmern abgeschlossen hat. Diese weitere Verarbeitung erfolgt daher nicht in alleiniger Verantwortung der Ostfalia Hochschule.<\/p><p>Ihre Beauftragung durch die oben genannte Eingabe und das Aktivieren des \u201eAkzeptieren\u201c-Feldes auf dieser Webseite der Ostfalia Hochschule ist eine Weisung von Ihnen an die Ostfalia Hochschule (nach EU-DSGVO Art. 6 Abs. 1 Buchst. b), welcher die oben genannte einmalige Daten\u00fcbermittlung zum Ziel hat. Sie geben damit auch die freiwillige Einwilligung gem\u00e4\u00df EU-DSGVO Art. 6 Abs. 1 Buchst. a in die \u00dcbermittlung der oben genannten personenbezogenen Daten zur Weiterverarbeitung an die IT-Systeme der Partnerunternehmen des AStA zur<br \/>Verwaltung des Deutschlandtickets.<\/p><p><strong>Weitere Informationen:<\/strong><\/p><p>Wenn Sie diese Daten\u00fcbermittlung nicht beauftragen, ist nach Auskunft des AStA das Ausstellen eines Deutschlandtickets nicht m\u00f6glich. Au\u00dferdem erh\u00e4lt der AStA Informationen zu einer Beendigung Ihres Studierendenstatus, um ein ausgestelltes Deutschlandticket f\u00fcr die zuk\u00fcnftige Nutzung sperren zu k\u00f6nnen, da Ihre Mitgliedschaft in der Studierendenschaft endet (\u00a720 Abs. 1).<\/p><p>Wir informieren wir Sie als Nutzende dieses Angebots \u00fcber den Umfang und den Zweck der Erhebung und Verwendung personenbezogener Daten und versichern zugleich die Einhaltung aller einschl\u00e4gigen gesetzlichen Bestimmungen, insbesondere der EU-Datenschutzgrundverordnung (DSGVO). Nach dieser haben Sie unter anderem das Recht auf Auskunft, Berichtigung, L\u00f6schung, Verarbeitungseinschr\u00e4nkung, Widerspruch\/Widerruf sowie Daten\u00fcbertragbarkeit \u2013 entsprechend den Artikeln 13 bis 21 der DSGVO.<\/p><p><strong>Zweckbindung:<\/strong><\/p><p>Alle Ihre Angaben werden nur zum Zweck des Ausstellens und Nutzen des Deutschlandtickets sowie ggf. dem Widerrufen des Nutzens des Deutschlandtickets verwendet.<\/p><p>Verantwortlich im Sinne der Datenschutz-Grundverordnung und anderer nationaler Datenschutzgesetze der Mitgliedsstaaten sowie sonstiger datenschutzrechtlicher Bestimmungen:<\/p><p>Ostfalia Hochschule f\u00fcr angewandte Wissenschaften<br \/>\u2013 Hochschule Braunschweig\/Wolfenb\u00fcttel<br \/>Salzdahlumer Str. 46\/48<br \/>38302 Wolfenb\u00fcttel<\/p><p>Tel. +49 5331 939 \u2013 0<br \/>Fax +49 5331 939 \u2013 14624<\/p><p><a href=\"http:\/\/www.ostfalia.de\/\">www.ostfalia.de<\/a><\/p><p>sowie der AStA der Ostfalia Hochschule und die weiteren vom AStA der Ostfalia Hochschule beauftragten Partner.<\/p><p>Die Ostfalia Hochschule f\u00fcr angewandte Wissenschaften \u2013 Hochschule Braunschweig\/Wolfenb\u00fcttel ist eine K\u00f6rperschaft des \u00f6ffentlichen Rechts und wird durch die Pr\u00e4sidentin, Frau Prof. Dr.-Ing. Rosemarie Karger gesetzlich vertreten.<\/p><p><span>Name und Anschrift des Datenschutzbeauftragten:<\/span><\/p><p>Beh\u00f6rdlicher Datenschutzbeauftragter der Ostfalia Hochschule f\u00fcr angewandte Wissenschaften \u2013 Hochschule Braunschweig\/Wolfenb\u00fcttel:<\/p><p>Ostfalia<br \/>Hochschule f\u00fcr angewandte Wissenschaften<br \/>\u2013 Hochschule Braunschweig\/Wolfenb\u00fcttel<br \/>Prof. Dr. Ulrich Klages<br \/>Datenschutzbeauftragter<br \/>Salzdahlumer Str. 46\/48<br \/>38302 Wolfenb\u00fcttel<\/p><p>Tel. +49 5331 939-31500<br \/>Fax +49 5331 939-31504<\/p><p>E-Mail: <a href=\"mailto:datenschutz@ostfalia.de\">datenschutz@ostfalia.de<\/a><\/p><p><span>Verantwortliche bei den Partnern:<\/span><\/p><p>Niedersachsentarif GmbH (NITAG)<br \/>Schillerstra\u00dfe 31<br \/>30159 Hannover<br \/>vertreten durch: Herrn Marcel Puppa<\/p><p>Allgemeiner Studierendenausschuss (AStA) der<br \/>Ostfalia Hochschule f\u00fcr angewandte Wissenschaften<br \/>\u2013 Hochschule Braunschweig\/Wolfenb\u00fcttel \u2013Salzdahlumer Strasse 46\/48<br \/>38302 Wolfenb\u00fcttel<br \/>vertreten durch: Carlo Riesland, Lennard Wilhelm, Jonathan Krogemann, Odysseus Andronis, Nvard Safaryan<\/p><p><span>Kontaktdaten der zust\u00e4ndigen Aufsichtsbeh\u00f6rde:<\/span><\/p><p>Der Landesbeauftragte f\u00fcr den Datenschutz Niedersachsen<br \/>Prinzenstra\u00dfe 5<br \/>30159 Hannover<\/p><p>Tel. +49 511 120-4500<\/p><p>E-Mail: <a href=\"mailto:poststelle@lfd.niedersachsen.de\">poststelle@lfd.niedersachsen.de<\/a><\/p>\t\t\t\t\t<\/div>\n\t\t\t\t\t\t<\/div>\n\t\t\t\t<\/div>\n\t\t\t\t\t\t<\/div>\n\t\t\t\t\t<\/div>\n\t\t<\/div>\n\t\t\t\t\t\t\t\t<\/div>\n\t\t\t\t\t<\/div>\n\t\t<\/section>\n\t\t\t\t\t\t\t\t\t<\/div>\n\t\t\t<\/div>\n\t\t\t\t\t<\/div>\n\t\t","protected":false},"excerpt":{"rendered":"<p>Link\/QR-Code zum Deutschlandsemester-TicketDatenschutzerkl\u00e4rung und Anmeldelink bzw. QR-Code Anmeldelink Deutschlandsemeter-Ticket QR-Code Deutschlandsemester-Ticket Kurzanleitung zum Einloggen Bei Fragen zum Deutschlandsemester-Ticket meldet Euch bitte in der AStA Gesch\u00e4ftsstelle asta-geschaeftsstelle@ostfalia.de oder 05331 \/ 939 17900.Bitte nicht den Datenschutzbeauftragten kontaktieren! Datenschutzerkl\u00e4rung f\u00fcr die Ostfalia Hochschule: Datenschutzerkl\u00e4rung der Ostfalia Hochschule zur \u00dcbermittlung personenbezogener Daten f\u00fcr das [&hellip;]<\/p>\n","protected":false},"author":8,"featured_media":0,"parent":0,"menu_order":0,"comment_status":"closed","ping_status":"closed","template":"page-templates\/template-pagebuilder-full-width.php","meta":{"footnotes":""},"class_list":["post-6735","page","type-page","status-publish","hentry"],"_links":{"self":[{"href":"https:\/\/asta.ostfalia.de\/index.php\/wp-json\/wp\/v2\/pages\/6735","targetHints":{"allow":["GET"]}}],"collection":[{"href":"https:\/\/asta.ostfalia.de\/index.php\/wp-json\/wp\/v2\/pages"}],"about":[{"href":"https:\/\/asta.ostfalia.de\/index.php\/wp-json\/wp\/v2\/types\/page"}],"author":[{"embeddable":true,"href":"https:\/\/asta.ostfalia.de\/index.php\/wp-json\/wp\/v2\/users\/8"}],"replies":[{"embeddable":true,"href":"https:\/\/asta.ostfalia.de\/index.php\/wp-json\/wp\/v2\/comments?post=6735"}],"version-history":[{"count":62,"href":"https:\/\/asta.ostfalia.de\/index.php\/wp-json\/wp\/v2\/pages\/6735\/revisions"}],"predecessor-version":[{"id":7148,"href":"https:\/\/asta.ostfalia.de\/index.php\/wp-json\/wp\/v2\/pages\/6735\/revisions\/7148"}],"wp:attachment":[{"href":"https:\/\/asta.ostfalia.de\/index.php\/wp-json\/wp\/v2\/media?parent=6735"}],"curies":[{"name":"wp","href":"https:\/\/api.w.org\/{rel}","templated":true}]}}