{"id":6492,"date":"2024-06-26T11:56:35","date_gmt":"2024-06-26T09:56:35","guid":{"rendered":"https:\/\/asta.ostfalia.de\/?page_id=6492"},"modified":"2026-04-27T12:15:42","modified_gmt":"2026-04-27T10:15:42","slug":"deutschlandsemester-ticket","status":"publish","type":"page","link":"https:\/\/asta.ostfalia.de\/index.php\/deutschlandsemester-ticket\/","title":{"rendered":"Deutschlandsemester-Ticket"},"content":{"rendered":"\t\t<div data-elementor-type=\"wp-page\" data-elementor-id=\"6492\" class=\"elementor elementor-6492\">\n\t\t\t\t\t\t<div class=\"elementor-inner\">\n\t\t\t\t<div class=\"elementor-section-wrap\">\n\t\t\t\t\t\t\t\t\t<section class=\"elementor-section elementor-top-section elementor-element elementor-element-27f1091 elementor-section-full_width elementor-section-height-default elementor-section-height-default\" data-id=\"27f1091\" data-element_type=\"section\">\n\t\t\t\t\t\t<div class=\"elementor-container elementor-column-gap-default\">\n\t\t\t\t\t\t\t<div class=\"elementor-row\">\n\t\t\t\t\t<div class=\"elementor-column elementor-col-100 elementor-top-column elementor-element elementor-element-489f014\" data-id=\"489f014\" data-element_type=\"column\">\n\t\t\t<div class=\"elementor-column-wrap elementor-element-populated\">\n\t\t\t\t\t\t\t<div class=\"elementor-widget-wrap\">\n\t\t\t\t\t\t<div class=\"elementor-element elementor-element-68bc827 elementor--h-position-center elementor--v-position-middle elementor-arrows-position-inside elementor-pagination-position-inside elementor-widget elementor-widget-slides\" data-id=\"68bc827\" data-element_type=\"widget\" data-settings=\"{&quot;navigation&quot;:&quot;both&quot;,&quot;autoplay&quot;:&quot;yes&quot;,&quot;pause_on_hover&quot;:&quot;yes&quot;,&quot;pause_on_interaction&quot;:&quot;yes&quot;,&quot;autoplay_speed&quot;:5000,&quot;infinite&quot;:&quot;yes&quot;,&quot;transition&quot;:&quot;slide&quot;,&quot;transition_speed&quot;:500}\" data-widget_type=\"slides.default\">\n\t\t\t\t<div class=\"elementor-widget-container\">\n\t\t\t\t\t<div class=\"elementor-swiper\">\n\t\t\t<div class=\"elementor-slides-wrapper elementor-main-swiper swiper-container\" dir=\"ltr\" data-animation=\"fadeInUp\">\n\t\t\t\t<div class=\"swiper-wrapper elementor-slides\">\n\t\t\t\t\t<div class=\"elementor-repeater-item-2f11f38 swiper-slide\"><div class=\"swiper-slide-bg\"><\/div><div class=\"swiper-slide-inner\" ><div class=\"swiper-slide-contents\"><div class=\"elementor-slide-heading\">Deutschlandsemester-Ticket f\u00fcr Studierende <\/div><\/div><\/div><\/div>\t\t\t\t<\/div>\n\t\t\t\t\t\t\t<\/div>\n\t\t<\/div>\n\t\t\t\t<\/div>\n\t\t\t\t<\/div>\n\t\t\t\t\t\t<\/div>\n\t\t\t\t\t<\/div>\n\t\t<\/div>\n\t\t\t\t\t\t\t\t<\/div>\n\t\t\t\t\t<\/div>\n\t\t<\/section>\n\t\t\t\t<section class=\"elementor-section elementor-top-section elementor-element elementor-element-184e9f5 elementor-section-boxed elementor-section-height-default elementor-section-height-default\" data-id=\"184e9f5\" data-element_type=\"section\">\n\t\t\t\t\t\t<div class=\"elementor-container elementor-column-gap-default\">\n\t\t\t\t\t\t\t<div class=\"elementor-row\">\n\t\t\t\t\t<div class=\"elementor-column elementor-col-50 elementor-top-column elementor-element elementor-element-943b15f\" data-id=\"943b15f\" data-element_type=\"column\">\n\t\t\t<div class=\"elementor-column-wrap elementor-element-populated\">\n\t\t\t\t\t\t\t<div class=\"elementor-widget-wrap\">\n\t\t\t\t\t\t<div class=\"elementor-element elementor-element-a3265e8 elementor-widget elementor-widget-heading\" data-id=\"a3265e8\" data-element_type=\"widget\" data-widget_type=\"heading.default\">\n\t\t\t\t<div class=\"elementor-widget-container\">\n\t\t\t<h2 class=\"elementor-heading-title elementor-size-default\">Deutschlandsemester-Ticket<\/h2>\t\t<\/div>\n\t\t\t\t<\/div>\n\t\t\t\t<div class=\"elementor-element elementor-element-c9e2fe3 elementor-widget elementor-widget-heading\" data-id=\"c9e2fe3\" data-element_type=\"widget\" data-widget_type=\"heading.default\">\n\t\t\t\t<div class=\"elementor-widget-container\">\n\t\t\t<h3 class=\"elementor-heading-title elementor-size-default\">im Solidarmodell<\/h3>\t\t<\/div>\n\t\t\t\t<\/div>\n\t\t\t\t<div class=\"elementor-element elementor-element-5825c51 elementor-widget elementor-widget-spacer\" data-id=\"5825c51\" data-element_type=\"widget\" data-widget_type=\"spacer.default\">\n\t\t\t\t<div class=\"elementor-widget-container\">\n\t\t\t\t\t<div class=\"elementor-spacer\">\n\t\t\t<div class=\"elementor-spacer-inner\"><\/div>\n\t\t<\/div>\n\t\t\t\t<\/div>\n\t\t\t\t<\/div>\n\t\t\t\t<div class=\"elementor-element elementor-element-6459cc6 elementor-widget elementor-widget-text-editor\" data-id=\"6459cc6\" data-element_type=\"widget\" data-widget_type=\"text-editor.default\">\n\t\t\t\t<div class=\"elementor-widget-container\">\n\t\t\t\t\t\t\t\t<div class=\"elementor-text-editor elementor-clearfix\">\n\t\t\t\t<p>Auf dieser Seite erh\u00e4ltst du alle wichtigen Informationen rund um das\u00a0 Deutschlandsemesterticket:<\/p><p>Das Studierendenparlament hat sich, auf Basis unserer durchgef\u00fchrten Umfrage zur Einf\u00fchrung des Deutschlandsemesterter-Tickets, seit dem Wintersemester 2024\/25 f\u00fcr das Deutschlandticket im Solidarmodell als Semesterticket entschieden.<\/p><p><strong>60% des regul\u00e4ren Deutschlandtickets<\/strong><\/p><p>Das Deutschlandsemesterticket bleibt, wie unser aktuelles Semesterticket, ein Solidarticket und wird mit der \u00dcberweisung des Semesterbeitrags automatisch erworben.\u00a0<\/p><p><strong>Digital statt Ostfalia Karte<br \/><\/strong><\/p><p>Ab dem 01.09.2024 steht dir das Deutschlandsemester-Ticket nur noch digital zur Verf\u00fcgung und steht nicht mehr mit auf der Ostfalia Karte. Bedeutet, nach Validierung der Ostfalia Karte ist kein Semesterticket f\u00fcr das Semester mehr auf der Karte aufgedruckt. Du musst dich dann auf einer <span style=\"text-decoration: underline;\"><em><strong><a href=\"https:\/\/asta.ostfalia.de\/index.php\/link-und-datenschutz-zum-dsemti\/\">bestimmten Website<\/a> <\/strong><\/em><\/span>(https:\/\/asta.ostfalia.de\/index.php\/link-und-datenschutz-zum-dsemti\/) mit deinen Hochschul-Login-Daten einloggen, dort wird dir dann sofort das Ticket angezeigt und du kannst es in dem Wallet deines eigenen Handys speichern.<\/p><ul><\/ul><p>Du hast noch Fragen zum Ticket? Dann melde dich bei unserem AStA Semesterticketreferenten:<a href=\"mailto:asta-semesterticket@ostfalia.de\"> asta-semesterticket@ostfalia.de<\/a>!<\/p>\t\t\t\t\t<\/div>\n\t\t\t\t\t\t<\/div>\n\t\t\t\t<\/div>\n\t\t\t\t<div class=\"elementor-element elementor-element-d8de2a0 elementor-widget elementor-widget-spacer\" data-id=\"d8de2a0\" data-element_type=\"widget\" data-widget_type=\"spacer.default\">\n\t\t\t\t<div class=\"elementor-widget-container\">\n\t\t\t\t\t<div class=\"elementor-spacer\">\n\t\t\t<div class=\"elementor-spacer-inner\"><\/div>\n\t\t<\/div>\n\t\t\t\t<\/div>\n\t\t\t\t<\/div>\n\t\t\t\t\t\t<\/div>\n\t\t\t\t\t<\/div>\n\t\t<\/div>\n\t\t\t\t<div class=\"elementor-column elementor-col-50 elementor-top-column elementor-element elementor-element-721d07f\" data-id=\"721d07f\" data-element_type=\"column\">\n\t\t\t<div class=\"elementor-column-wrap elementor-element-populated\">\n\t\t\t\t\t\t\t<div class=\"elementor-widget-wrap\">\n\t\t\t\t\t\t<div class=\"elementor-element elementor-element-90be7dc elementor-widget elementor-widget-image\" data-id=\"90be7dc\" data-element_type=\"widget\" data-widget_type=\"image.default\">\n\t\t\t\t<div class=\"elementor-widget-container\">\n\t\t\t\t\t\t\t\t<div class=\"elementor-image\">\n\t\t\t\t\t\t\t\t\t\t\t\t<img loading=\"lazy\" decoding=\"async\" width=\"300\" height=\"247\" src=\"https:\/\/asta.ostfalia.de\/wp-content\/uploads\/2020\/08\/Asta_Semesterticket.jpg\" class=\"attachment-medium size-medium\" alt=\"\" \/>\t\t\t\t\t\t\t\t\t\t\t\t\t\t<\/div>\n\t\t\t\t\t\t<\/div>\n\t\t\t\t<\/div>\n\t\t\t\t\t\t<\/div>\n\t\t\t\t\t<\/div>\n\t\t<\/div>\n\t\t\t\t\t\t\t\t<\/div>\n\t\t\t\t\t<\/div>\n\t\t<\/section>\n\t\t\t\t<section class=\"elementor-section elementor-top-section elementor-element elementor-element-2b5ac19 elementor-hidden-desktop elementor-hidden-tablet elementor-hidden-phone elementor-section-boxed elementor-section-height-default elementor-section-height-default\" data-id=\"2b5ac19\" data-element_type=\"section\">\n\t\t\t\t\t\t<div class=\"elementor-container elementor-column-gap-default\">\n\t\t\t\t\t\t\t<div class=\"elementor-row\">\n\t\t\t\t\t<div class=\"elementor-column elementor-col-100 elementor-top-column elementor-element elementor-element-bc5c089\" data-id=\"bc5c089\" data-element_type=\"column\">\n\t\t\t<div class=\"elementor-column-wrap elementor-element-populated\">\n\t\t\t\t\t\t\t<div class=\"elementor-widget-wrap\">\n\t\t\t\t\t\t<div class=\"elementor-element elementor-element-1ffea11 elementor-widget elementor-widget-spacer\" data-id=\"1ffea11\" data-element_type=\"widget\" data-widget_type=\"spacer.default\">\n\t\t\t\t<div class=\"elementor-widget-container\">\n\t\t\t\t\t<div class=\"elementor-spacer\">\n\t\t\t<div class=\"elementor-spacer-inner\"><\/div>\n\t\t<\/div>\n\t\t\t\t<\/div>\n\t\t\t\t<\/div>\n\t\t\t\t<div class=\"elementor-element elementor-element-c8cc2fe elementor-widget elementor-widget-menu-anchor\" data-id=\"c8cc2fe\" data-element_type=\"widget\" data-widget_type=\"menu-anchor.default\">\n\t\t\t\t<div class=\"elementor-widget-container\">\n\t\t\t\t\t<div id=\"Kontakt\" class=\"elementor-menu-anchor\"><\/div>\n\t\t\t\t<\/div>\n\t\t\t\t<\/div>\n\t\t\t\t\t\t<\/div>\n\t\t\t\t\t<\/div>\n\t\t<\/div>\n\t\t\t\t\t\t\t\t<\/div>\n\t\t\t\t\t<\/div>\n\t\t<\/section>\n\t\t\t\t<section class=\"elementor-section elementor-top-section elementor-element elementor-element-7df2d7c elementor-section-boxed elementor-section-height-default elementor-section-height-default\" data-id=\"7df2d7c\" data-element_type=\"section\">\n\t\t\t\t\t\t<div class=\"elementor-container elementor-column-gap-default\">\n\t\t\t\t\t\t\t<div class=\"elementor-row\">\n\t\t\t\t\t<div class=\"elementor-column elementor-col-100 elementor-top-column elementor-element elementor-element-a67f4ce\" data-id=\"a67f4ce\" data-element_type=\"column\">\n\t\t\t<div class=\"elementor-column-wrap elementor-element-populated\">\n\t\t\t\t\t\t\t<div class=\"elementor-widget-wrap\">\n\t\t\t\t\t\t<div class=\"elementor-element elementor-element-c926b05 elementor-widget elementor-widget-heading\" data-id=\"c926b05\" data-element_type=\"widget\" data-widget_type=\"heading.default\">\n\t\t\t\t<div class=\"elementor-widget-container\">\n\t\t\t<h2 class=\"elementor-heading-title elementor-size-default\">Was kann ich mit dem Deutschlandsemester-Ticket alles nutzen?<\/h2>\t\t<\/div>\n\t\t\t\t<\/div>\n\t\t\t\t<div class=\"elementor-element elementor-element-a6edba6 elementor-widget elementor-widget-text-editor\" data-id=\"a6edba6\" data-element_type=\"widget\" data-widget_type=\"text-editor.default\">\n\t\t\t\t<div class=\"elementor-widget-container\">\n\t\t\t\t\t\t\t\t<div class=\"elementor-text-editor elementor-clearfix\">\n\t\t\t\t<p><span jsname=\"r4nke\" class=\"JCzEY tNxQIb\"><span class=\"CSkcDe\"><span class=\"ILfuVd\" lang=\"de\"><span class=\"hgKElc\">Das Deutschlandsemester-Ticket gilt bundesweit im \u00f6ffentlichen Personennahverkehr (\u00d6PNV). Dazu z\u00e4hlen unter anderem U- und S-Bahnen, Stra\u00dfenbahnen, Trambahnen, Stadt- und Regionalbusse aber auch Regionalz\u00fcge (Interregio Express (IRE), Regional Express (RE) , Regionalbahn (RB).<\/span><\/span><\/span><\/span><\/p>\t\t\t\t\t<\/div>\n\t\t\t\t\t\t<\/div>\n\t\t\t\t<\/div>\n\t\t\t\t\t\t<\/div>\n\t\t\t\t\t<\/div>\n\t\t<\/div>\n\t\t\t\t\t\t\t\t<\/div>\n\t\t\t\t\t<\/div>\n\t\t<\/section>\n\t\t\t\t<section class=\"elementor-section elementor-top-section elementor-element elementor-element-98d48be elementor-section-boxed elementor-section-height-default elementor-section-height-default\" data-id=\"98d48be\" data-element_type=\"section\">\n\t\t\t\t\t\t<div class=\"elementor-container elementor-column-gap-default\">\n\t\t\t\t\t\t\t<div class=\"elementor-row\">\n\t\t\t\t\t<div class=\"elementor-column elementor-col-100 elementor-top-column elementor-element elementor-element-f02b1c0\" data-id=\"f02b1c0\" data-element_type=\"column\">\n\t\t\t<div class=\"elementor-column-wrap elementor-element-populated\">\n\t\t\t\t\t\t\t<div class=\"elementor-widget-wrap\">\n\t\t\t\t\t\t<div class=\"elementor-element elementor-element-271b59b elementor-widget elementor-widget-text-editor\" data-id=\"271b59b\" data-element_type=\"widget\" data-widget_type=\"text-editor.default\">\n\t\t\t\t<div class=\"elementor-widget-container\">\n\t\t\t\t\t\t\t\t<div class=\"elementor-text-editor elementor-clearfix\">\n\t\t\t\t\t\t\t\t\t<\/div>\n\t\t\t\t\t\t<\/div>\n\t\t\t\t<\/div>\n\t\t\t\t<div class=\"elementor-element elementor-element-52c5cc1 elementor-widget elementor-widget-heading\" data-id=\"52c5cc1\" data-element_type=\"widget\" data-widget_type=\"heading.default\">\n\t\t\t\t<div class=\"elementor-widget-container\">\n\t\t\t<h2 class=\"elementor-heading-title elementor-size-default\">Diese Regionalz\u00fcge sind mit dem Deutschlandsemester-Ticket nicht nutzbar!<\/h2>\t\t<\/div>\n\t\t\t\t<\/div>\n\t\t\t\t<div class=\"elementor-element elementor-element-0b91ead elementor-widget elementor-widget-text-editor\" data-id=\"0b91ead\" data-element_type=\"widget\" data-widget_type=\"text-editor.default\">\n\t\t\t\t<div class=\"elementor-widget-container\">\n\t\t\t\t\t\t\t\t<div class=\"elementor-text-editor elementor-clearfix\">\n\t\t\t\t<p><span class=\"ILfuVd\" lang=\"de\"><span class=\"hgKElc\">Einige innerdeutsche Strecken werden von der Fernverkehr AG betrieben, sind aber f\u00fcr Nahverkehrstickets freigegeben. Diese Freigabe gilt momentan nicht unbedingt auch f\u00fcr das Deutschlandsemester-Ticket.<\/span><\/span><\/p>\t\t\t\t\t<\/div>\n\t\t\t\t\t\t<\/div>\n\t\t\t\t<\/div>\n\t\t\t\t<div class=\"elementor-element elementor-element-22c1722 elementor-widget elementor-widget-text-editor\" data-id=\"22c1722\" data-element_type=\"widget\" data-widget_type=\"text-editor.default\">\n\t\t\t\t<div class=\"elementor-widget-container\">\n\t\t\t\t\t\t\t\t<div class=\"elementor-text-editor elementor-clearfix\">\n\t\t\t\t<p>Weiterf\u00fchrende Informationen \u00fcber Verbindungen der Nahverkehrsz\u00fcge; S-Bahnen; Busse; Stra\u00dfen- und U-Bahnen sowie Kinder-, Fahrrad- oder Hundemitnahme, erfahrt ihr hier:<strong> <a href=\"https:\/\/www.dein-semesterticket.de\">https:\/\/www.dein-semesterticket.de<\/a><\/strong>.<\/p>\t\t\t\t\t<\/div>\n\t\t\t\t\t\t<\/div>\n\t\t\t\t<\/div>\n\t\t\t\t<div class=\"elementor-element elementor-element-b833e48 elementor-widget elementor-widget-spacer\" data-id=\"b833e48\" data-element_type=\"widget\" data-widget_type=\"spacer.default\">\n\t\t\t\t<div class=\"elementor-widget-container\">\n\t\t\t\t\t<div class=\"elementor-spacer\">\n\t\t\t<div class=\"elementor-spacer-inner\"><\/div>\n\t\t<\/div>\n\t\t\t\t<\/div>\n\t\t\t\t<\/div>\n\t\t\t\t\t\t<\/div>\n\t\t\t\t\t<\/div>\n\t\t<\/div>\n\t\t\t\t\t\t\t\t<\/div>\n\t\t\t\t\t<\/div>\n\t\t<\/section>\n\t\t\t\t\t\t\t\t\t<\/div>\n\t\t\t<\/div>\n\t\t\t\t\t<\/div>\n\t\t","protected":false},"excerpt":{"rendered":"<p>Deutschlandsemester-Ticket f\u00fcr Studierende Deutschlandsemester-Ticket im Solidarmodell Auf dieser Seite erh\u00e4ltst du alle wichtigen Informationen rund um das\u00a0 Deutschlandsemesterticket: Das Studierendenparlament hat sich, auf Basis unserer durchgef\u00fchrten Umfrage zur Einf\u00fchrung des Deutschlandsemesterter-Tickets, seit dem Wintersemester 2024\/25 f\u00fcr das Deutschlandticket im Solidarmodell als Semesterticket entschieden. 60% des regul\u00e4ren Deutschlandtickets Das Deutschlandsemesterticket bleibt, [&hellip;]<\/p>\n","protected":false},"author":8,"featured_media":0,"parent":0,"menu_order":0,"comment_status":"closed","ping_status":"closed","template":"page-templates\/template-pagebuilder-full-width.php","meta":{"footnotes":""},"class_list":["post-6492","page","type-page","status-publish","hentry"],"_links":{"self":[{"href":"https:\/\/asta.ostfalia.de\/index.php\/wp-json\/wp\/v2\/pages\/6492","targetHints":{"allow":["GET"]}}],"collection":[{"href":"https:\/\/asta.ostfalia.de\/index.php\/wp-json\/wp\/v2\/pages"}],"about":[{"href":"https:\/\/asta.ostfalia.de\/index.php\/wp-json\/wp\/v2\/types\/page"}],"author":[{"embeddable":true,"href":"https:\/\/asta.ostfalia.de\/index.php\/wp-json\/wp\/v2\/users\/8"}],"replies":[{"embeddable":true,"href":"https:\/\/asta.ostfalia.de\/index.php\/wp-json\/wp\/v2\/comments?post=6492"}],"version-history":[{"count":106,"href":"https:\/\/asta.ostfalia.de\/index.php\/wp-json\/wp\/v2\/pages\/6492\/revisions"}],"predecessor-version":[{"id":7338,"href":"https:\/\/asta.ostfalia.de\/index.php\/wp-json\/wp\/v2\/pages\/6492\/revisions\/7338"}],"wp:attachment":[{"href":"https:\/\/asta.ostfalia.de\/index.php\/wp-json\/wp\/v2\/media?parent=6492"}],"curies":[{"name":"wp","href":"https:\/\/api.w.org\/{rel}","templated":true}]}}