{"id":3416,"date":"2022-04-05T10:15:54","date_gmt":"2022-04-05T08:15:54","guid":{"rendered":"https:\/\/asta.ostfalia.de\/?page_id=3416"},"modified":"2026-01-20T13:55:01","modified_gmt":"2026-01-20T12:55:01","slug":"rechtsberatung","status":"publish","type":"page","link":"https:\/\/asta.ostfalia.de\/index.php\/rechtsberatung\/","title":{"rendered":"Rechtsberatung"},"content":{"rendered":"\t\t<div data-elementor-type=\"wp-page\" data-elementor-id=\"3416\" class=\"elementor elementor-3416\">\n\t\t\t\t\t\t<div class=\"elementor-inner\">\n\t\t\t\t<div class=\"elementor-section-wrap\">\n\t\t\t\t\t\t\t\t\t<section class=\"elementor-section elementor-top-section elementor-element elementor-element-7ae688e elementor-section-full_width elementor-section-height-default elementor-section-height-default\" data-id=\"7ae688e\" data-element_type=\"section\">\n\t\t\t\t\t\t<div class=\"elementor-container elementor-column-gap-default\">\n\t\t\t\t\t\t\t<div class=\"elementor-row\">\n\t\t\t\t\t<div class=\"elementor-column elementor-col-100 elementor-top-column elementor-element elementor-element-9aa1e8f\" data-id=\"9aa1e8f\" data-element_type=\"column\" data-settings=\"{&quot;background_background&quot;:&quot;classic&quot;}\">\n\t\t\t<div class=\"elementor-column-wrap\">\n\t\t\t\t\t<div class=\"elementor-background-overlay\"><\/div>\n\t\t\t\t\t\t\t<div class=\"elementor-widget-wrap\">\n\t\t\t\t\t\t\t\t<\/div>\n\t\t\t\t\t<\/div>\n\t\t<\/div>\n\t\t\t\t\t\t\t\t<\/div>\n\t\t\t\t\t<\/div>\n\t\t<\/section>\n\t\t\t\t<section class=\"elementor-section elementor-top-section elementor-element elementor-element-649765e elementor-section-full_width elementor-section-height-default elementor-section-height-default\" data-id=\"649765e\" data-element_type=\"section\">\n\t\t\t\t\t\t<div class=\"elementor-container elementor-column-gap-default\">\n\t\t\t\t\t\t\t<div class=\"elementor-row\">\n\t\t\t\t\t<div class=\"elementor-column elementor-col-100 elementor-top-column elementor-element elementor-element-6329474\" data-id=\"6329474\" data-element_type=\"column\">\n\t\t\t<div class=\"elementor-column-wrap elementor-element-populated\">\n\t\t\t\t\t\t\t<div class=\"elementor-widget-wrap\">\n\t\t\t\t\t\t<div class=\"elementor-element elementor-element-b0345f2 elementor--h-position-center elementor--v-position-middle elementor-arrows-position-inside elementor-pagination-position-inside elementor-widget elementor-widget-slides\" data-id=\"b0345f2\" data-element_type=\"widget\" data-settings=\"{&quot;navigation&quot;:&quot;both&quot;,&quot;autoplay&quot;:&quot;yes&quot;,&quot;pause_on_hover&quot;:&quot;yes&quot;,&quot;pause_on_interaction&quot;:&quot;yes&quot;,&quot;autoplay_speed&quot;:5000,&quot;infinite&quot;:&quot;yes&quot;,&quot;transition&quot;:&quot;slide&quot;,&quot;transition_speed&quot;:500}\" data-widget_type=\"slides.default\">\n\t\t\t\t<div class=\"elementor-widget-container\">\n\t\t\t\t\t<div class=\"elementor-swiper\">\n\t\t\t<div class=\"elementor-slides-wrapper elementor-main-swiper swiper-container\" dir=\"ltr\" data-animation=\"fadeInUp\">\n\t\t\t\t<div class=\"swiper-wrapper elementor-slides\">\n\t\t\t\t\t<div class=\"elementor-repeater-item-871b4dd swiper-slide\"><div class=\"swiper-slide-bg\"><\/div><div class=\"swiper-slide-inner\" ><div class=\"swiper-slide-contents\"><div class=\"elementor-slide-heading\">Rechtsberatung<\/div><\/div><\/div><\/div>\t\t\t\t<\/div>\n\t\t\t\t\t\t\t<\/div>\n\t\t<\/div>\n\t\t\t\t<\/div>\n\t\t\t\t<\/div>\n\t\t\t\t<section class=\"elementor-section elementor-inner-section elementor-element elementor-element-c77d72d elementor-section-boxed elementor-section-height-default elementor-section-height-default\" data-id=\"c77d72d\" data-element_type=\"section\">\n\t\t\t\t\t\t<div class=\"elementor-container elementor-column-gap-default\">\n\t\t\t\t\t\t\t<div class=\"elementor-row\">\n\t\t\t\t\t<div class=\"elementor-column elementor-col-100 elementor-inner-column elementor-element elementor-element-edb153e\" data-id=\"edb153e\" data-element_type=\"column\">\n\t\t\t<div class=\"elementor-column-wrap elementor-element-populated\">\n\t\t\t\t\t\t\t<div class=\"elementor-widget-wrap\">\n\t\t\t\t\t\t<div class=\"elementor-element elementor-element-bff9638 elementor-widget elementor-widget-text-editor\" data-id=\"bff9638\" data-element_type=\"widget\" data-widget_type=\"text-editor.default\">\n\t\t\t\t<div class=\"elementor-widget-container\">\n\t\t\t\t\t\t\t\t<div class=\"elementor-text-editor elementor-clearfix\">\n\t\t\t\t<h1 style=\"text-align: center;\"><strong>Du ben\u00f6tigst rechtlichen Rat und wei\u00dft nicht weiter?<\/strong><\/h1><p><\/p><p style=\"text-align: center;\"><strong>Dann ist unsere kostenlose Erstberatung <br \/><\/strong><strong>bei einem\/einer Rechtsanwalt\/Rechtsanw\u00e4ltin <br \/>eventuell das Richtige f\u00fcr Dich.<\/strong><\/p>\t\t\t\t\t<\/div>\n\t\t\t\t\t\t<\/div>\n\t\t\t\t<\/div>\n\t\t\t\t\t\t<\/div>\n\t\t\t\t\t<\/div>\n\t\t<\/div>\n\t\t\t\t\t\t\t\t<\/div>\n\t\t\t\t\t<\/div>\n\t\t<\/section>\n\t\t\t\t<div class=\"elementor-element elementor-element-a677630 elementor-hidden-desktop elementor-hidden-tablet elementor-hidden-mobile elementor-widget elementor-widget-text-editor\" data-id=\"a677630\" data-element_type=\"widget\" data-widget_type=\"text-editor.default\">\n\t\t\t\t<div class=\"elementor-widget-container\">\n\t\t\t\t\t\t\t\t<div class=\"elementor-text-editor elementor-clearfix\">\n\t\t\t\t<p>Am Standort Suderburg findet vom 21.12.2023 bis 08.01.2024 keine Rechtsberatung statt!<\/p>\t\t\t\t\t<\/div>\n\t\t\t\t\t\t<\/div>\n\t\t\t\t<\/div>\n\t\t\t\t<section class=\"elementor-section elementor-inner-section elementor-element elementor-element-a65ab47 elementor-section-boxed elementor-section-height-default elementor-section-height-default\" data-id=\"a65ab47\" data-element_type=\"section\">\n\t\t\t\t\t\t<div class=\"elementor-container elementor-column-gap-default\">\n\t\t\t\t\t\t\t<div class=\"elementor-row\">\n\t\t\t\t\t<div class=\"elementor-column elementor-col-100 elementor-inner-column elementor-element elementor-element-74ec15a\" data-id=\"74ec15a\" data-element_type=\"column\">\n\t\t\t<div class=\"elementor-column-wrap elementor-element-populated\">\n\t\t\t\t\t\t\t<div class=\"elementor-widget-wrap\">\n\t\t\t\t\t\t<div class=\"elementor-element elementor-element-b5aea44 elementor-widget elementor-widget-spacer\" data-id=\"b5aea44\" data-element_type=\"widget\" data-widget_type=\"spacer.default\">\n\t\t\t\t<div class=\"elementor-widget-container\">\n\t\t\t\t\t<div class=\"elementor-spacer\">\n\t\t\t<div class=\"elementor-spacer-inner\"><\/div>\n\t\t<\/div>\n\t\t\t\t<\/div>\n\t\t\t\t<\/div>\n\t\t\t\t<div class=\"elementor-element elementor-element-9eb3d07 elementor-widget elementor-widget-text-editor\" data-id=\"9eb3d07\" data-element_type=\"widget\" data-widget_type=\"text-editor.default\">\n\t\t\t\t<div class=\"elementor-widget-container\">\n\t\t\t\t\t\t\t\t<div class=\"elementor-text-editor elementor-clearfix\">\n\t\t\t\t<div class=\"elementor-element elementor-element-c9e2fe3 elementor-widget elementor-widget-heading\" data-id=\"c9e2fe3\" data-element_type=\"widget\" data-widget_type=\"heading.default\"><h2 class=\"elementor-heading-title elementor-size-default\" style=\"text-align: center;\"><strong>F\u00fcr die Erstberatung bei Rechtsfragen muss eine Anmeldung per Mail erfolgen, <\/strong><\/h2><p><\/p><h2 class=\"elementor-heading-title elementor-size-default\" style=\"text-align: center;\"><strong>die Beratung findet ausschlie\u00dflich per Mail oder telefonisch<\/strong><\/h2><p><\/p><h2 class=\"elementor-heading-title elementor-size-default\" style=\"text-align: center;\"><strong>durch eine:n Rechtsanwalt\/Rechtsanw\u00e4ltin statt!<br \/><\/strong><\/h2><\/div><div class=\"elementor-element elementor-element-b389e75 elementor-widget elementor-widget-text-editor\" data-id=\"b389e75\" data-element_type=\"widget\" data-widget_type=\"text-editor.default\"><div class=\"elementor-widget-container\"><div class=\"elementor-text-editor elementor-clearfix\"><p style=\"text-align: center;\">Die kostenlose 20 min\u00fctige Erstberatung bei Rechtsfragen<\/p><p style=\"text-align: center;\">ist ein Angebot des AStA f\u00fcr alle Studierende der Ostfalia Hochschule.<\/p><\/div><\/div><\/div>\t\t\t\t\t<\/div>\n\t\t\t\t\t\t<\/div>\n\t\t\t\t<\/div>\n\t\t\t\t\t\t<\/div>\n\t\t\t\t\t<\/div>\n\t\t<\/div>\n\t\t\t\t\t\t\t\t<\/div>\n\t\t\t\t\t<\/div>\n\t\t<\/section>\n\t\t\t\t<div class=\"elementor-element elementor-element-105c9c6 elementor-widget elementor-widget-spacer\" data-id=\"105c9c6\" data-element_type=\"widget\" data-widget_type=\"spacer.default\">\n\t\t\t\t<div class=\"elementor-widget-container\">\n\t\t\t\t\t<div class=\"elementor-spacer\">\n\t\t\t<div class=\"elementor-spacer-inner\"><\/div>\n\t\t<\/div>\n\t\t\t\t<\/div>\n\t\t\t\t<\/div>\n\t\t\t\t<div class=\"elementor-element elementor-element-e3caaac elementor-widget elementor-widget-heading\" data-id=\"e3caaac\" data-element_type=\"widget\" data-widget_type=\"heading.default\">\n\t\t\t\t<div class=\"elementor-widget-container\">\n\t\t\t<h2 class=\"elementor-heading-title elementor-size-default\">Notwendige Angaben f\u00fcr die Beantragung:<\/h2>\t\t<\/div>\n\t\t\t\t<\/div>\n\t\t\t\t<section class=\"elementor-section elementor-inner-section elementor-element elementor-element-6812d4d elementor-section-boxed elementor-section-height-default elementor-section-height-default\" data-id=\"6812d4d\" data-element_type=\"section\">\n\t\t\t\t\t\t<div class=\"elementor-container elementor-column-gap-default\">\n\t\t\t\t\t\t\t<div class=\"elementor-row\">\n\t\t\t\t\t<div class=\"elementor-column elementor-col-50 elementor-inner-column elementor-element elementor-element-3c59e4f\" data-id=\"3c59e4f\" data-element_type=\"column\">\n\t\t\t<div class=\"elementor-column-wrap\">\n\t\t\t\t\t\t\t<div class=\"elementor-widget-wrap\">\n\t\t\t\t\t\t\t\t<\/div>\n\t\t\t\t\t<\/div>\n\t\t<\/div>\n\t\t\t\t<div class=\"elementor-column elementor-col-50 elementor-inner-column elementor-element elementor-element-71c87d6\" data-id=\"71c87d6\" data-element_type=\"column\">\n\t\t\t<div class=\"elementor-column-wrap\">\n\t\t\t\t\t\t\t<div class=\"elementor-widget-wrap\">\n\t\t\t\t\t\t\t\t<\/div>\n\t\t\t\t\t<\/div>\n\t\t<\/div>\n\t\t\t\t\t\t\t\t<\/div>\n\t\t\t\t\t<\/div>\n\t\t<\/section>\n\t\t\t\t\t\t<\/div>\n\t\t\t\t\t<\/div>\n\t\t<\/div>\n\t\t\t\t\t\t\t\t<\/div>\n\t\t\t\t\t<\/div>\n\t\t<\/section>\n\t\t\t\t<section class=\"elementor-section elementor-top-section elementor-element elementor-element-372064a elementor-section-boxed elementor-section-height-default elementor-section-height-default\" data-id=\"372064a\" data-element_type=\"section\">\n\t\t\t\t\t\t<div class=\"elementor-container elementor-column-gap-default\">\n\t\t\t\t\t\t\t<div class=\"elementor-row\">\n\t\t\t\t\t<div class=\"elementor-column elementor-col-100 elementor-top-column elementor-element elementor-element-5366961\" data-id=\"5366961\" data-element_type=\"column\">\n\t\t\t<div class=\"elementor-column-wrap elementor-element-populated\">\n\t\t\t\t\t\t\t<div class=\"elementor-widget-wrap\">\n\t\t\t\t\t\t<div class=\"elementor-element elementor-element-80e22c1 elementor-widget__width-initial elementor-widget elementor-widget-text-editor\" data-id=\"80e22c1\" data-element_type=\"widget\" data-widget_type=\"text-editor.default\">\n\t\t\t\t<div class=\"elementor-widget-container\">\n\t\t\t\t\t\t\t\t<div class=\"elementor-text-editor elementor-clearfix\">\n\t\t\t\t<h1><strong>Bei Interesse an einer Erstberatung ist es notwendig eine E-Mail (von deinem Ostfalia-Mailaccount) an:<br \/><\/strong><strong><a href=\"mailto:asta-geschaeftsstelle@ostfalia.de\" span=\"\" style=\"color: #ff6600;\">asta-geschaeftsstelle@ostfalia.de<\/a> zu schicken.<\/strong><\/h1><p><span style=\"text-decoration: underline;\"><em>Bitte folgende Angaben in der Mail nicht vergessen:<\/em><\/span><\/p><ul><li>Name, Vorname<\/li><li>Studien-Standort<\/li><li>Matrikelnummer<\/li><li>Ostfalia Mailadresse<\/li><li>Telefonnummer<\/li><li>detaillierte Beschreibung deines Falles (ggf. Unterlagen mitsenden)<\/li><\/ul>\t\t\t\t\t<\/div>\n\t\t\t\t\t\t<\/div>\n\t\t\t\t<\/div>\n\t\t\t\t\t\t<\/div>\n\t\t\t\t\t<\/div>\n\t\t<\/div>\n\t\t\t\t\t\t\t\t<\/div>\n\t\t\t\t\t<\/div>\n\t\t<\/section>\n\t\t\t\t<section class=\"elementor-section elementor-top-section elementor-element elementor-element-7c7f5fe elementor-section-boxed elementor-section-height-default elementor-section-height-default\" data-id=\"7c7f5fe\" data-element_type=\"section\">\n\t\t\t\t\t\t<div class=\"elementor-container elementor-column-gap-default\">\n\t\t\t\t\t\t\t<div class=\"elementor-row\">\n\t\t\t\t\t<div class=\"elementor-column elementor-col-100 elementor-top-column elementor-element elementor-element-efc8714\" data-id=\"efc8714\" data-element_type=\"column\">\n\t\t\t<div class=\"elementor-column-wrap\">\n\t\t\t\t\t\t\t<div class=\"elementor-widget-wrap\">\n\t\t\t\t\t\t\t\t<\/div>\n\t\t\t\t\t<\/div>\n\t\t<\/div>\n\t\t\t\t\t\t\t\t<\/div>\n\t\t\t\t\t<\/div>\n\t\t<\/section>\n\t\t\t\t<section class=\"elementor-section elementor-top-section elementor-element elementor-element-64331d4 elementor-section-boxed elementor-section-height-default elementor-section-height-default\" data-id=\"64331d4\" data-element_type=\"section\">\n\t\t\t\t\t\t<div class=\"elementor-container elementor-column-gap-default\">\n\t\t\t\t\t\t\t<div class=\"elementor-row\">\n\t\t\t\t\t<div class=\"elementor-column elementor-col-100 elementor-top-column elementor-element elementor-element-65f9863\" data-id=\"65f9863\" data-element_type=\"column\">\n\t\t\t<div class=\"elementor-column-wrap elementor-element-populated\">\n\t\t\t\t\t\t\t<div class=\"elementor-widget-wrap\">\n\t\t\t\t\t\t\t\t<\/div>\n\t\t\t\t\t<\/div>\n\t\t<\/div>\n\t\t\t\t\t\t\t\t<\/div>\n\t\t\t\t\t<\/div>\n\t\t<\/section>\n\t\t\t\t\t\t\t\t\t<\/div>\n\t\t\t<\/div>\n\t\t\t\t\t<\/div>\n\t\t","protected":false},"excerpt":{"rendered":"<p>Rechtsberatung Du ben\u00f6tigst rechtlichen Rat und wei\u00dft nicht weiter? Dann ist unsere kostenlose Erstberatung bei einem\/einer Rechtsanwalt\/Rechtsanw\u00e4ltin eventuell das Richtige f\u00fcr Dich. Am Standort Suderburg findet vom 21.12.2023 bis 08.01.2024 keine Rechtsberatung statt! F\u00fcr die Erstberatung bei Rechtsfragen muss eine Anmeldung per Mail erfolgen, die Beratung findet ausschlie\u00dflich per Mail [&hellip;]<\/p>\n","protected":false},"author":8,"featured_media":0,"parent":0,"menu_order":0,"comment_status":"closed","ping_status":"closed","template":"page-templates\/template-pagebuilder-full-width.php","meta":{"footnotes":""},"class_list":["post-3416","page","type-page","status-publish","hentry"],"_links":{"self":[{"href":"https:\/\/asta.ostfalia.de\/index.php\/wp-json\/wp\/v2\/pages\/3416","targetHints":{"allow":["GET"]}}],"collection":[{"href":"https:\/\/asta.ostfalia.de\/index.php\/wp-json\/wp\/v2\/pages"}],"about":[{"href":"https:\/\/asta.ostfalia.de\/index.php\/wp-json\/wp\/v2\/types\/page"}],"author":[{"embeddable":true,"href":"https:\/\/asta.ostfalia.de\/index.php\/wp-json\/wp\/v2\/users\/8"}],"replies":[{"embeddable":true,"href":"https:\/\/asta.ostfalia.de\/index.php\/wp-json\/wp\/v2\/comments?post=3416"}],"version-history":[{"count":250,"href":"https:\/\/asta.ostfalia.de\/index.php\/wp-json\/wp\/v2\/pages\/3416\/revisions"}],"predecessor-version":[{"id":7213,"href":"https:\/\/asta.ostfalia.de\/index.php\/wp-json\/wp\/v2\/pages\/3416\/revisions\/7213"}],"wp:attachment":[{"href":"https:\/\/asta.ostfalia.de\/index.php\/wp-json\/wp\/v2\/media?parent=3416"}],"curies":[{"name":"wp","href":"https:\/\/api.w.org\/{rel}","templated":true}]}}